{"id":1421,"date":"2021-10-19T19:17:15","date_gmt":"2021-10-19T22:17:15","guid":{"rendered":"https:\/\/isfd60-bue.infd.edu.ar\/sitio\/?page_id=1421"},"modified":"2021-10-19T19:17:18","modified_gmt":"2021-10-19T22:17:18","slug":"tecnicatura-superior-en-higiene-y-seguridad-en-el-trabajo","status":"publish","type":"page","link":"https:\/\/isfd60-bue.infd.edu.ar\/sitio\/tecnicatura-superior-en-higiene-y-seguridad-en-el-trabajo\/","title":{"rendered":"Tecnicatura Superior en higiene y seguridad en el trabajo"},"content":{"rendered":"\n<figure class=\"wp-block-image alignwide size-large\"><img decoding=\"async\" loading=\"lazy\" width=\"600\" height=\"200\" src=\"https:\/\/isfd60-bue.infd.edu.ar\/sitio\/wp-content\/uploads\/2021\/10\/tecnicatura-superior-en-seguridad-e-higiene-en-el-trabajo.png\" alt=\"\" class=\"wp-image-1423\"\/><figcaption>El T\u00e9cnico Superior en Seguridad e Higiene en el Trabajo es un profesional competente para la organizaci\u00f3n, la planificaci\u00f3n y organizaci\u00f3n de actividades, el dise\u00f1o, la gesti\u00f3n de los recursos de los servicios, la evaluaci\u00f3n y control y la capacitaci\u00f3n en aspectos inherentes a la higiene y seguridad en el trabajo.<br>Puede dise\u00f1ar, inspeccionar y controlar equipos y elementos de protecci\u00f3n personal y colectiva, como as\u00ed tambi\u00e9n; instalaciones en ambientes de trabajo en los que se desarrollen actividades con riesgos asociados a iluminaci\u00f3n, ventilaci\u00f3n, radiaciones, carga t\u00e9rmica, ruidos y vibraciones, incendios y\/o explosiones, transporte y\/o manipulaci\u00f3n de materiales, contaminaci\u00f3n y afluentes industriales.<br>Realiza el an\u00e1lisis, evaluaci\u00f3n y control de situaciones en las que existen contaminantes qu\u00edmicos, biol\u00f3gicos, f\u00edsicos y ergon\u00f3micos en ambientes laborales.<br>Asiste en la caracterizaci\u00f3n de puestos de trabajo, en funci\u00f3n de los riesgos laborales con intervenci\u00f3n en la selecci\u00f3n e i<\/figcaption><\/figure>\n\n\n\n<div class=\"wp-block-file\"><a href=\"https:\/\/isfd60-bue.infd.edu.ar\/sitio\/wp-content\/uploads\/2021\/10\/diseno-320-13-seguridad-e-higiene-ambiental-escaneada.pdf\"><strong>DISE\u00d1O CURRICULAR<\/strong><\/a><a href=\"https:\/\/isfd60-bue.infd.edu.ar\/sitio\/wp-content\/uploads\/2021\/10\/diseno-320-13-seguridad-e-higiene-ambiental-escaneada.pdf\" class=\"wp-block-file__button\" download>Descarga<\/a><\/div>\n","protected":false},"excerpt":{"rendered":"","protected":false},"author":89,"featured_media":0,"parent":0,"menu_order":0,"comment_status":"closed","ping_status":"closed","template":"","meta":[],"acf":[],"_links":{"self":[{"href":"https:\/\/isfd60-bue.infd.edu.ar\/sitio\/wp-json\/wp\/v2\/pages\/1421"}],"collection":[{"href":"https:\/\/isfd60-bue.infd.edu.ar\/sitio\/wp-json\/wp\/v2\/pages"}],"about":[{"href":"https:\/\/isfd60-bue.infd.edu.ar\/sitio\/wp-json\/wp\/v2\/types\/page"}],"author":[{"embeddable":true,"href":"https:\/\/isfd60-bue.infd.edu.ar\/sitio\/wp-json\/wp\/v2\/users\/89"}],"replies":[{"embeddable":true,"href":"https:\/\/isfd60-bue.infd.edu.ar\/sitio\/wp-json\/wp\/v2\/comments?post=1421"}],"version-history":[{"count":1,"href":"https:\/\/isfd60-bue.infd.edu.ar\/sitio\/wp-json\/wp\/v2\/pages\/1421\/revisions"}],"predecessor-version":[{"id":1425,"href":"https:\/\/isfd60-bue.infd.edu.ar\/sitio\/wp-json\/wp\/v2\/pages\/1421\/revisions\/1425"}],"wp:attachment":[{"href":"https:\/\/isfd60-bue.infd.edu.ar\/sitio\/wp-json\/wp\/v2\/media?parent=1421"}],"curies":[{"name":"wp","href":"https:\/\/api.w.org\/{rel}","templated":true}]}}