{"id":1635,"date":"2022-10-05T20:44:34","date_gmt":"2022-10-05T23:44:34","guid":{"rendered":"https:\/\/isfd60-bue.infd.edu.ar\/sitio\/?page_id=1635"},"modified":"2024-02-08T18:38:45","modified_gmt":"2024-02-08T21:38:45","slug":"profesorado-en-educacion-especial-con-orientacion-en-discapacidad-intelectual","status":"publish","type":"page","link":"https:\/\/isfd60-bue.infd.edu.ar\/sitio\/profesorado-en-educacion-especial-con-orientacion-en-discapacidad-intelectual\/","title":{"rendered":"Profesorado en Educaci\u00f3n Especial con Orientaci\u00f3n en Discapacidad Intelectual"},"content":{"rendered":"<p style=\"text-align: center;\"><span style=\"color: #333399;\"><strong data-rich-text-format-boundary=\"true\">Profesorado en Educaci\u00f3n Especial con Orientaci\u00f3n en Discapacidad Intelectual<\/strong><\/span><\/p>\n<p><img decoding=\"async\" loading=\"lazy\" class=\"size-full wp-image-1637 aligncenter\" src=\"https:\/\/isfd60-bue.infd.edu.ar\/sitio\/wp-content\/uploads\/2022\/10\/images.jpg\" alt=\"\" width=\"402\" height=\"125\"><\/p>\n\n\n<p class=\"has-text-align-center\"><a href=\"https:\/\/isfd60-bue.infd.edu.ar\/sitio\/wp-content\/uploads\/2022\/10\/res1009-09_educ_especial.pdf\" data-type=\"URL\" data-id=\"https:\/\/isfd60-bue.infd.edu.ar\/sitio\/wp-content\/uploads\/2022\/10\/res1009-09_educ_especial.pdf\" target=\"_blank\" rel=\"noreferrer noopener\">DISE\u00d1O CURRICULAR<\/a><\/p>\n\n\n\n<div class=\"wp-block-file\"><object class=\"wp-block-file__embed\" data=\"https:\/\/isfd60-bue.infd.edu.ar\/sitio\/wp-content\/uploads\/2022\/10\/res1009-09_educ_especial.pdf\" type=\"application\/pdf\" style=\"width:100%;height:600px\" aria-label=\"Incrustado de res1009-09_educ_especial.\"><\/object><a id=\"wp-block-file--media-b48b2c8c-7c23-421d-a5f5-9809d112a2dc\" href=\"https:\/\/isfd60-bue.infd.edu.ar\/sitio\/wp-content\/uploads\/2022\/10\/res1009-09_educ_especial.pdf\">res1009-09_educ_especial<\/a><a href=\"https:\/\/isfd60-bue.infd.edu.ar\/sitio\/wp-content\/uploads\/2022\/10\/res1009-09_educ_especial.pdf\" class=\"wp-block-file__button wp-element-button\" download aria-describedby=\"wp-block-file--media-b48b2c8c-7c23-421d-a5f5-9809d112a2dc\">Descarga<\/a><\/div>\n\n\n\n<div class=\"wp-block-file\"><object class=\"wp-block-file__embed\" data=\"https:\/\/isfd60-bue.infd.edu.ar\/sitio\/wp-content\/uploads\/2024\/02\/IF-2023-45623001-GDEBA-SDIFDIDGCYE-Especial-ANEXO4.pdf\" type=\"application\/pdf\" style=\"width:100%;height:600px\" aria-label=\"Incrustado de IF-2023-45623001-GDEBA-SDIFDIDGCYE-Especial-ANEXO4.\"><\/object><a id=\"wp-block-file--media-92c09e71-dff3-4750-9409-ad4544923561\" href=\"https:\/\/isfd60-bue.infd.edu.ar\/sitio\/wp-content\/uploads\/2024\/02\/IF-2023-45623001-GDEBA-SDIFDIDGCYE-Especial-ANEXO4.pdf\">IF-2023-45623001-GDEBA-SDIFDIDGCYE-Especial-ANEXO4<\/a><a href=\"https:\/\/isfd60-bue.infd.edu.ar\/sitio\/wp-content\/uploads\/2024\/02\/IF-2023-45623001-GDEBA-SDIFDIDGCYE-Especial-ANEXO4.pdf\" class=\"wp-block-file__button wp-element-button\" download aria-describedby=\"wp-block-file--media-92c09e71-dff3-4750-9409-ad4544923561\">Descarga<\/a><\/div>\n","protected":false},"excerpt":{"rendered":"<p>Profesorado en Educaci\u00f3n Especial con Orientaci\u00f3n en Discapacidad Intelectual DISE\u00d1O CURRICULAR<\/p>\n","protected":false},"author":89,"featured_media":0,"parent":0,"menu_order":0,"comment_status":"closed","ping_status":"closed","template":"","meta":[],"acf":[],"_links":{"self":[{"href":"https:\/\/isfd60-bue.infd.edu.ar\/sitio\/wp-json\/wp\/v2\/pages\/1635"}],"collection":[{"href":"https:\/\/isfd60-bue.infd.edu.ar\/sitio\/wp-json\/wp\/v2\/pages"}],"about":[{"href":"https:\/\/isfd60-bue.infd.edu.ar\/sitio\/wp-json\/wp\/v2\/types\/page"}],"author":[{"embeddable":true,"href":"https:\/\/isfd60-bue.infd.edu.ar\/sitio\/wp-json\/wp\/v2\/users\/89"}],"replies":[{"embeddable":true,"href":"https:\/\/isfd60-bue.infd.edu.ar\/sitio\/wp-json\/wp\/v2\/comments?post=1635"}],"version-history":[{"count":3,"href":"https:\/\/isfd60-bue.infd.edu.ar\/sitio\/wp-json\/wp\/v2\/pages\/1635\/revisions"}],"predecessor-version":[{"id":1960,"href":"https:\/\/isfd60-bue.infd.edu.ar\/sitio\/wp-json\/wp\/v2\/pages\/1635\/revisions\/1960"}],"wp:attachment":[{"href":"https:\/\/isfd60-bue.infd.edu.ar\/sitio\/wp-json\/wp\/v2\/media?parent=1635"}],"curies":[{"name":"wp","href":"https:\/\/api.w.org\/{rel}","templated":true}]}}