{"id":1860,"date":"2023-11-23T18:38:06","date_gmt":"2023-11-23T21:38:06","guid":{"rendered":"https:\/\/isfd60-bue.infd.edu.ar\/sitio\/?page_id=1860"},"modified":"2025-12-15T19:08:34","modified_gmt":"2025-12-15T22:08:34","slug":"tecnico-superior-en-gestion-de-energias-renobables","status":"publish","type":"page","link":"https:\/\/isfd60-bue.infd.edu.ar\/sitio\/tecnico-superior-en-gestion-de-energias-renobables\/","title":{"rendered":"T\u00e9cnico Superior en Gesti\u00f3n de Energ\u00edas Renovables"},"content":{"rendered":"<div class=\"wp-block-image\">\n<figure class=\"aligncenter size-full is-resized\"><img decoding=\"async\" loading=\"lazy\" src=\"https:\/\/isfd60-bue.infd.edu.ar\/sitio\/wp-content\/uploads\/2023\/11\/image-2.png\" alt=\"\" class=\"wp-image-1861\" width=\"548\" height=\"274\"\/><figcaption class=\"wp-element-caption\"><strong><mark style=\"background-color:rgba(0, 0, 0, 0)\" class=\"has-inline-color has-contrast-color\"><a href=\"https:\/\/isfd60-bue.infd.edu.ar\/sitio\/wp-content\/uploads\/2025\/12\/Rectificatoria-Gestion-de-Ener-Ren-RES-6185-25-y-ANEXO.pdf\" target=\"_blank\" rel=\"noreferrer noopener\">DISE\u00d1O CURRICULAR<\/a><\/mark><\/strong><\/figcaption><\/figure><\/div>\n\n\n<div class=\"wp-block-file\"><object class=\"wp-block-file__embed\" data=\"https:\/\/isfd60-bue.infd.edu.ar\/sitio\/wp-content\/uploads\/2025\/12\/Rectificatoria-Gestion-de-Ener-Ren-RES-6185-25-y-ANEXO.pdf\" type=\"application\/pdf\" style=\"width:100%;height:600px\" aria-label=\"Incrustado de Rectificatoria Gestion de Ener Ren RES 6185-25 y ANEXO.\"><\/object><a id=\"wp-block-file--media-3df0ad0d-100c-41bf-ba5a-3b7c261fc7f8\" href=\"https:\/\/isfd60-bue.infd.edu.ar\/sitio\/wp-content\/uploads\/2025\/12\/Rectificatoria-Gestion-de-Ener-Ren-RES-6185-25-y-ANEXO.pdf\">Rectificatoria Gestion de Ener Ren RES 6185-25 y ANEXO<\/a><a href=\"https:\/\/isfd60-bue.infd.edu.ar\/sitio\/wp-content\/uploads\/2025\/12\/Rectificatoria-Gestion-de-Ener-Ren-RES-6185-25-y-ANEXO.pdf\" class=\"wp-block-file__button wp-element-button\" download aria-describedby=\"wp-block-file--media-3df0ad0d-100c-41bf-ba5a-3b7c261fc7f8\"><\/a><\/div>\n\n\n\n<figure class=\"wp-block-gallery has-nested-images columns-default is-cropped wp-block-gallery-1 is-layout-flex\"><\/figure>\n","protected":false},"excerpt":{"rendered":"","protected":false},"author":89,"featured_media":0,"parent":0,"menu_order":0,"comment_status":"closed","ping_status":"closed","template":"","meta":[],"acf":[],"_links":{"self":[{"href":"https:\/\/isfd60-bue.infd.edu.ar\/sitio\/wp-json\/wp\/v2\/pages\/1860"}],"collection":[{"href":"https:\/\/isfd60-bue.infd.edu.ar\/sitio\/wp-json\/wp\/v2\/pages"}],"about":[{"href":"https:\/\/isfd60-bue.infd.edu.ar\/sitio\/wp-json\/wp\/v2\/types\/page"}],"author":[{"embeddable":true,"href":"https:\/\/isfd60-bue.infd.edu.ar\/sitio\/wp-json\/wp\/v2\/users\/89"}],"replies":[{"embeddable":true,"href":"https:\/\/isfd60-bue.infd.edu.ar\/sitio\/wp-json\/wp\/v2\/comments?post=1860"}],"version-history":[{"count":6,"href":"https:\/\/isfd60-bue.infd.edu.ar\/sitio\/wp-json\/wp\/v2\/pages\/1860\/revisions"}],"predecessor-version":[{"id":2094,"href":"https:\/\/isfd60-bue.infd.edu.ar\/sitio\/wp-json\/wp\/v2\/pages\/1860\/revisions\/2094"}],"wp:attachment":[{"href":"https:\/\/isfd60-bue.infd.edu.ar\/sitio\/wp-json\/wp\/v2\/media?parent=1860"}],"curies":[{"name":"wp","href":"https:\/\/api.w.org\/{rel}","templated":true}]}}