{"id":1869,"date":"2023-11-23T18:57:02","date_gmt":"2023-11-23T21:57:02","guid":{"rendered":"https:\/\/isfd60-bue.infd.edu.ar\/sitio\/?page_id=1869"},"modified":"2023-12-28T18:59:27","modified_gmt":"2023-12-28T21:59:27","slug":"especializacion-profesional-en-enfermeria-en-cuidados-quirurjicos-anestecia-y-tratamiento-del-dolor","status":"publish","type":"page","link":"https:\/\/isfd60-bue.infd.edu.ar\/sitio\/especializacion-profesional-en-enfermeria-en-cuidados-quirurjicos-anestecia-y-tratamiento-del-dolor\/","title":{"rendered":"Especializaci\u00f3n Profesional en Enfermer\u00eda en cuidados quir\u00fargicos, anestesia y tratamiento del dolor"},"content":{"rendered":"<div class=\"wp-block-image\">\n<figure class=\"aligncenter size-full is-resized\"><img decoding=\"async\" loading=\"lazy\" src=\"https:\/\/isfd60-bue.infd.edu.ar\/sitio\/wp-content\/uploads\/2023\/11\/image-3.png\" alt=\"\" class=\"wp-image-1870\" width=\"534\" height=\"281\"\/><figcaption class=\"wp-element-caption\"><strong><a href=\"https:\/\/isfd60-bue.infd.edu.ar\/sitio\/wp-content\/uploads\/2023\/11\/CFP-Cuidado-Quirurgico-Reso-4217-23.pdf\" target=\"_blank\" rel=\"noreferrer noopener\">DISE\u00d1O CURRICULAR<\/a><\/strong><\/figcaption><\/figure><\/div>\n\n\n<div class=\"wp-block-file\"><object class=\"wp-block-file__embed\" data=\"https:\/\/isfd60-bue.infd.edu.ar\/sitio\/wp-content\/uploads\/2023\/11\/CFP-Cuidado-Quirurgico-Reso-4217-23.pdf\" type=\"application\/pdf\" style=\"width:100%;height:600px\" aria-label=\"Incrustado de CFP Cuidado Quirurgico - Reso 4217-23.\"><\/object><a id=\"wp-block-file--media-e0e782f1-5687-4aa5-a253-a097507682a3\" href=\"https:\/\/isfd60-bue.infd.edu.ar\/sitio\/wp-content\/uploads\/2023\/11\/CFP-Cuidado-Quirurgico-Reso-4217-23.pdf\">CFP Cuidado Quirurgico &#8211; Reso 4217-23<\/a><a href=\"https:\/\/isfd60-bue.infd.edu.ar\/sitio\/wp-content\/uploads\/2023\/11\/CFP-Cuidado-Quirurgico-Reso-4217-23.pdf\" class=\"wp-block-file__button wp-element-button\" download aria-describedby=\"wp-block-file--media-e0e782f1-5687-4aa5-a253-a097507682a3\"><\/a><\/div>\n","protected":false},"excerpt":{"rendered":"","protected":false},"author":89,"featured_media":0,"parent":0,"menu_order":0,"comment_status":"closed","ping_status":"closed","template":"","meta":[],"acf":[],"_links":{"self":[{"href":"https:\/\/isfd60-bue.infd.edu.ar\/sitio\/wp-json\/wp\/v2\/pages\/1869"}],"collection":[{"href":"https:\/\/isfd60-bue.infd.edu.ar\/sitio\/wp-json\/wp\/v2\/pages"}],"about":[{"href":"https:\/\/isfd60-bue.infd.edu.ar\/sitio\/wp-json\/wp\/v2\/types\/page"}],"author":[{"embeddable":true,"href":"https:\/\/isfd60-bue.infd.edu.ar\/sitio\/wp-json\/wp\/v2\/users\/89"}],"replies":[{"embeddable":true,"href":"https:\/\/isfd60-bue.infd.edu.ar\/sitio\/wp-json\/wp\/v2\/comments?post=1869"}],"version-history":[{"count":3,"href":"https:\/\/isfd60-bue.infd.edu.ar\/sitio\/wp-json\/wp\/v2\/pages\/1869\/revisions"}],"predecessor-version":[{"id":1922,"href":"https:\/\/isfd60-bue.infd.edu.ar\/sitio\/wp-json\/wp\/v2\/pages\/1869\/revisions\/1922"}],"wp:attachment":[{"href":"https:\/\/isfd60-bue.infd.edu.ar\/sitio\/wp-json\/wp\/v2\/media?parent=1869"}],"curies":[{"name":"wp","href":"https:\/\/api.w.org\/{rel}","templated":true}]}}