{"id":2039,"date":"2025-04-11T19:27:07","date_gmt":"2025-04-11T22:27:07","guid":{"rendered":"https:\/\/isfd60-bue.infd.edu.ar\/sitio\/?page_id=2039"},"modified":"2025-05-22T21:38:32","modified_gmt":"2025-05-23T00:38:32","slug":"equivalencas-1","status":"publish","type":"page","link":"https:\/\/isfd60-bue.infd.edu.ar\/sitio\/equivalencas-1\/","title":{"rendered":"Equivalencias"},"content":{"rendered":"\n<p><strong>De las equivalencias<br>Equivalencia autom\u00e1tica<\/strong>  <\/p>\n\n\n\n<p>Se otorgar\u00e1 equivalencia autom\u00e1tica cuando se trate de unidades curriculares con la misma denominaci\u00f3n y contenidos en los planes de estudio de las carreras vigentes en la jurisdicci\u00f3n<\/p>\n\n\n\n<p><strong>Pautas para solicitud y acreditaci\u00f3n de unidades curriculares por equivalencia autom\u00e1tica<\/strong><br>\u25cf Solicitar mediante nota firmada, en la secretar\u00eda del instituto, <strong>antes del 30 de abril de cada a\u00f1o<\/strong>, el reconocimiento de equivalencias de unidades curriculares acreditadas en la misma o en otra instituci\u00f3n del nivel superior de la jurisdicci\u00f3n<\/p>\n\n\n\n<p>\u25cf Acompa\u00f1ar la solicitud con el certificado anal\u00edtico de estudios realizados <\/p>\n\n\n\n<p>\u25cf Cursar la unidad curricular cuya acreditaci\u00f3n se solicita por equivalencia, hasta tanto se le confirme fehacientemente que se le otorg\u00f3 lo solicitado.<\/p>\n\n\n\n<p><strong>Equivalencia total o parcial <\/strong><\/p>\n\n\n\n<p>Se podr\u00e1n acreditar unidades curriculares mediante equivalencia. La equivalencia de UC podr\u00e1 ser completa o parcial. En ambos casos, se ponderan los saberes acreditados en carreras del nivel superior reconocidas<\/p>\n\n\n\n<p><strong>Pautas para solicitud y acreditaci\u00f3n de unidades curriculares por equivalencias <\/strong><\/p>\n\n\n\n<p>Para solicitar la acreditaci\u00f3n por equivalencia, la\/el estudiante deber\u00e1: <\/p>\n\n\n\n<p>\u25cf Solicitar mediante nota firmada, en la secretar\u00eda del instituto, <strong>antes del 30 de abril de cada a\u00f1o<\/strong>, el reconocimiento de equivalencias de unidades curriculares acreditadas en la misma instituci\u00f3n o en otra instituci\u00f3n educativa de Nivel Superior reconocida oficialmente.<\/p>\n\n\n\n<p> \u25cf Acompa\u00f1ar la solicitud con el certificado anal\u00edtico de estudios realizados y los programas que correspondan, en los que conste carga horaria, contenidos y bibliograf\u00eda, de las unidades curriculares en las que solicita equivalencia.<\/p>\n\n\n\n<p>\u25cf La documentaci\u00f3n deber\u00e1 estar foliada, con firma y sello de las autoridades de la instituci\u00f3n emisora. <\/p>\n\n\n\n<p>\u25cf Cursar la unidad curricular cuya acreditaci\u00f3n se solicita por equivalencia, hasta tanto se le confirme fehacientemente que se le otorg\u00f3 lo solicitado.<\/p>\n\n\n\n<p>\u25cf Cumplir con los requerimientos acad\u00e9micos que se establezcan en el caso de una <strong>equivalencia parcial<\/strong>.<\/p>\n\n\n\n<p><\/p>\n\n\n\n<div class=\"wp-block-file\"><a id=\"wp-block-file--media-5328d8fe-fb48-41c2-8d54-cb082f92f85d\" href=\"https:\/\/isfd60-bue.infd.edu.ar\/sitio\/wp-content\/uploads\/2025\/04\/Equivalencias-automaticas-2.xlsx\">Equivalencias-automaticas-2<\/a><a href=\"https:\/\/isfd60-bue.infd.edu.ar\/sitio\/wp-content\/uploads\/2025\/04\/Equivalencias-automaticas-2.xlsx\" class=\"wp-block-file__button wp-element-button\" download aria-describedby=\"wp-block-file--media-5328d8fe-fb48-41c2-8d54-cb082f92f85d\">Descarga<\/a><\/div>\n\n\n\n<div class=\"wp-block-file\"><a id=\"wp-block-file--media-479a6af6-81d9-431f-b61b-559296b35218\" href=\"https:\/\/isfd60-bue.infd.edu.ar\/sitio\/wp-content\/uploads\/2021\/09\/A14.pdf\">Panilla de solicitud de Equivalencia_resumen<\/a><a href=\"https:\/\/isfd60-bue.infd.edu.ar\/sitio\/wp-content\/uploads\/2021\/09\/A14.pdf\" class=\"wp-block-file__button wp-element-button\" download aria-describedby=\"wp-block-file--media-479a6af6-81d9-431f-b61b-559296b35218\">Descarga<\/a><\/div>\n\n\n\n<div class=\"wp-block-file\"><a id=\"wp-block-file--media-b536e5eb-9c9c-4591-8c5f-904003ba64c5\" href=\"https:\/\/isfd60-bue.infd.edu.ar\/sitio\/wp-content\/uploads\/2021\/09\/A14a.pdf\">Planilla de solicitud de Equivalencia_asignaturas<\/a><a href=\"https:\/\/isfd60-bue.infd.edu.ar\/sitio\/wp-content\/uploads\/2021\/09\/A14a.pdf\" class=\"wp-block-file__button wp-element-button\" download aria-describedby=\"wp-block-file--media-b536e5eb-9c9c-4591-8c5f-904003ba64c5\">Descarga<\/a><\/div>\n","protected":false},"excerpt":{"rendered":"<p>De las equivalenciasEquivalencia autom\u00e1tica Se otorgar\u00e1 equivalencia autom\u00e1tica cuando se trate de unidades curriculares con la misma denominaci\u00f3n y contenidos en los planes de estudio de las carreras vigentes en la jurisdicci\u00f3n Pautas para solicitud y acreditaci\u00f3n de unidades curriculares por equivalencia autom\u00e1tica\u25cf Solicitar mediante nota firmada, en la secretar\u00eda del instituto, antes del 30 &#8230; <a title=\"Equivalencias\" class=\"read-more\" href=\"https:\/\/isfd60-bue.infd.edu.ar\/sitio\/equivalencas-1\/\" aria-label=\"More on Equivalencias\">[+]<\/a><\/p>\n","protected":false},"author":89,"featured_media":0,"parent":0,"menu_order":0,"comment_status":"closed","ping_status":"closed","template":"","meta":[],"acf":[],"_links":{"self":[{"href":"https:\/\/isfd60-bue.infd.edu.ar\/sitio\/wp-json\/wp\/v2\/pages\/2039"}],"collection":[{"href":"https:\/\/isfd60-bue.infd.edu.ar\/sitio\/wp-json\/wp\/v2\/pages"}],"about":[{"href":"https:\/\/isfd60-bue.infd.edu.ar\/sitio\/wp-json\/wp\/v2\/types\/page"}],"author":[{"embeddable":true,"href":"https:\/\/isfd60-bue.infd.edu.ar\/sitio\/wp-json\/wp\/v2\/users\/89"}],"replies":[{"embeddable":true,"href":"https:\/\/isfd60-bue.infd.edu.ar\/sitio\/wp-json\/wp\/v2\/comments?post=2039"}],"version-history":[{"count":7,"href":"https:\/\/isfd60-bue.infd.edu.ar\/sitio\/wp-json\/wp\/v2\/pages\/2039\/revisions"}],"predecessor-version":[{"id":2054,"href":"https:\/\/isfd60-bue.infd.edu.ar\/sitio\/wp-json\/wp\/v2\/pages\/2039\/revisions\/2054"}],"wp:attachment":[{"href":"https:\/\/isfd60-bue.infd.edu.ar\/sitio\/wp-json\/wp\/v2\/media?parent=2039"}],"curies":[{"name":"wp","href":"https:\/\/api.w.org\/{rel}","templated":true}]}}