{"id":286,"date":"2016-10-31T13:17:59","date_gmt":"2016-10-31T16:17:59","guid":{"rendered":"https:\/\/isfd60-bue.infd.edu.ar\/sitio\/?page_id=286"},"modified":"2025-11-27T20:07:31","modified_gmt":"2025-11-27T23:07:31","slug":"inicio","status":"publish","type":"page","link":"https:\/\/isfd60-bue.infd.edu.ar\/sitio\/","title":{"rendered":"Inicio"},"content":{"rendered":"<div id=\"metaslider-id-962\" style=\"width: 100%;\" class=\"ml-slider-3-33-0 metaslider metaslider-flex metaslider-962 ml-slider ms-theme-default\" role=\"region\" aria-roledescription=\"Slideshow\" aria-label=\"Slideshow\">\n    <div id=\"metaslider_container_962\">\n        <div id=\"metaslider_962\" class=\"flexslider\">\n            <ul aria-live=\"polite\" class=\"slides\">\n                <li style=\"display: block; width: 100%;\" class=\"slide-963 ms-image\" aria-roledescription=\"slide\" aria-label=\"slide-963\"><a href=\"https:\/\/www.argentina.gob.ar\/tema\/estudiar\/formacion-docencia\" target=\"_blank\"><img src=\"https:\/\/isfd60-bue.infd.edu.ar\/sitio\/wp-content\/uploads\/2018\/06\/convocatorias_slide6-1-549x110.png\" height=\"110\" width=\"549\" alt=\"\" class=\"slider-962 slide-963\" title=\"convocatorias_slide6-1\" \/><\/a><\/li>\n                <li style=\"display: none; width: 100%;\" class=\"slide-971 ms-image\" aria-roledescription=\"slide\" aria-label=\"slide-971\"><a href=\"https:\/\/mapa.infd.edu.ar\/\" target=\"_blank\"><img src=\"https:\/\/isfd60-bue.infd.edu.ar\/sitio\/wp-content\/uploads\/2018\/06\/mapa_infd6-549x110.png\" height=\"110\" width=\"549\" alt=\"\" class=\"slider-962 slide-971\" title=\"mapa_infd6\" \/><\/a><\/li>\n                <li style=\"display: none; width: 100%;\" class=\"slide-972 ms-image\" aria-roledescription=\"slide\" aria-label=\"slide-972\"><a href=\"https:\/\/www.argentina.gob.ar\/educacion\/becas\" target=\"_blank\"><img src=\"https:\/\/isfd60-bue.infd.edu.ar\/sitio\/wp-content\/uploads\/2018\/06\/becas7-549x110.png\" height=\"110\" width=\"549\" alt=\"\" class=\"slider-962 slide-972\" title=\"becas7\" \/><\/a><\/li>\n            <\/ul>\n        <\/div>\n        \n    <\/div>\n<\/div>\n<p><a href=\"https:\/\/docs.google.com\/forms\/d\/e\/1FAIpQLSfKSw7SEy92d2AiElbezcD9Fs3NH7KUP_IW5YS9wT7pGVSPWQ\/viewform\" target=\"_blank\" rel=\"noopener\"><img decoding=\"async\" loading=\"lazy\" class=\"alignleft wp-image-2076\" title=\"https:\/\/docs.google.com\/forms\/d\/e\/1FAIpQLSfKSw7SEy92d2AiElbezcD9Fs3NH7KUP_IW5YS9wT7pGVSPWQ\/viewform\" src=\"https:\/\/isfd60-bue.infd.edu.ar\/sitio\/wp-content\/uploads\/2025\/10\/banner-inscripcion.png\" alt=\"\" width=\"698\" height=\"983\" \/><\/a><\/p>\n<p>&nbsp;<\/p>\n<p>&nbsp;<\/p>\n<p>&nbsp;<\/p>\n<p>&nbsp;<\/p>\n<p>&nbsp;<\/p>\n<p>&nbsp;<\/p>\n<p><a href=\"https:\/\/isfd60-bue.infd.edu.ar\/sitio\/profesorado-en-educacion-primaria\/\" target=\"_blank\" rel=\"noopener\">M\u00e1s info aqu\u00ed<\/a><\/p>\n<p><a href=\"https:\/\/isfd60-bue.infd.edu.ar\/sitio\/profesorado-en-educacion-inicial\/\" target=\"_blank\" rel=\"noopener\">M\u00e1s info aqu\u00ed<\/a><\/p>\n<p><a href=\"https:\/\/isfd60-bue.infd.edu.ar\/sitio\/tecnicatura-superior-en-enfermeria\/\" target=\"_blank\" rel=\"noopener\">M\u00e1s info aqu\u00ed<\/a><\/p>\n<p>&nbsp;<\/p>\n<p><a href=\"https:\/\/isfd60-bue.infd.edu.ar\/sitio\/tecnicatura-superior-en-ciencias-de-datos-e-ia\/\" target=\"_blank\" rel=\"noopener\">M\u00e1s info aqui<\/a><\/p>\n<p>&nbsp;<\/p>\n<p>&nbsp;<\/p>\n<p>&nbsp;<\/p>\n<p>&nbsp;<\/p>\n<p><a href=\"https:\/\/forms.gle\/iLeoLREuiZ3YTsYe6\" target=\"_blank\" rel=\"noopener\">INSCRIBITE AQU\u00cd<\/a><\/p>\n<p><img decoding=\"async\" loading=\"lazy\" class=\" wp-image-1156 aligncenter\" src=\"https:\/\/isfd60-bue.infd.edu.ar\/sitio\/wp-content\/uploads\/2020\/11\/mail-insti.jpg\" alt=\"\" width=\"387\" height=\"307\" \/><\/p>\n<p>\u00a0 \u00a0 <img decoding=\"async\" loading=\"lazy\" class=\"size-medium wp-image-1160 aligncenter\" src=\"https:\/\/isfd60-bue.infd.edu.ar\/sitio\/wp-content\/uploads\/2020\/11\/HOME-1000x563.jpg\" alt=\"\" width=\"1000\" height=\"563\" srcset=\"https:\/\/isfd60-bue.infd.edu.ar\/sitio\/wp-content\/uploads\/2020\/11\/HOME-1000x563.jpg 1000w, https:\/\/isfd60-bue.infd.edu.ar\/sitio\/wp-content\/uploads\/2020\/11\/HOME-768x432.jpg 768w, https:\/\/isfd60-bue.infd.edu.ar\/sitio\/wp-content\/uploads\/2020\/11\/HOME-1900x1069.jpg 1900w, https:\/\/isfd60-bue.infd.edu.ar\/sitio\/wp-content\/uploads\/2020\/11\/HOME.jpg 1920w\" sizes=\"(max-width: 1000px) 100vw, 1000px\" \/><\/p>\n<p><a href=\"https:\/\/es-la.facebook.com\/pages\/category\/Local-Business\/Instituto-Superior-de-Formaci%C3%B3n-Docente-y-T%C3%A9cnica-N60-641361076252518\/\" target=\"_blank\" rel=\"noopener\"><img decoding=\"async\" loading=\"lazy\" class=\"https:\/\/es-la.facebook.com\/pages\/category\/Local-Business\/Instituto-Superior-de-Formaci%C3%B3n-Docente-y-T%C3%A9cnica-N60-641361076252518\/ alignright wp-image-1085\" title=\"Facebook\" src=\"https:\/\/isfd60-bue.infd.edu.ar\/sitio\/wp-content\/uploads\/2020\/04\/FACEBOOK-recortado.jpg\" alt=\"\" width=\"347\" height=\"173\" \/><\/a><img decoding=\"async\" loading=\"lazy\" class=\"alignnone wp-image-1171\" src=\"https:\/\/isfd60-bue.infd.edu.ar\/sitio\/wp-content\/uploads\/2020\/11\/mail-insti-1.jpg\" alt=\"\" width=\"305\" height=\"192\" \/><\/p>\n<h4 style=\"text-align: center;\"><span style=\"color: #333399;\">Ingres\u00e1 a nuestro Campus Virtual haciendo click en la imagen:<\/span><a href=\"https:\/\/isfd60-bue.infd.edu.ar\/sitio\/registracion-al-campus-2020\/\" target=\"_blank\" rel=\"noopener\"><img decoding=\"async\" loading=\"lazy\" class=\"wp-image-1161 aligncenter\" src=\"https:\/\/isfd60-bue.infd.edu.ar\/sitio\/wp-content\/uploads\/2020\/11\/CAMPUS-INSTI.jpg\" alt=\"\" width=\"383\" height=\"143\" \/><\/a><\/h4>\n","protected":false},"excerpt":{"rendered":"<p>&nbsp; &nbsp; &nbsp; &nbsp; &nbsp; &nbsp; M\u00e1s info aqu\u00ed M\u00e1s info aqu\u00ed M\u00e1s info aqu\u00ed &nbsp; M\u00e1s info aqui &nbsp; &nbsp; &nbsp; &nbsp; INSCRIBITE AQU\u00cd \u00a0 \u00a0 Ingres\u00e1 a nuestro Campus Virtual haciendo click en la imagen:<\/p>\n","protected":false},"author":1,"featured_media":0,"parent":0,"menu_order":0,"comment_status":"closed","ping_status":"closed","template":"","meta":[],"acf":[],"_links":{"self":[{"href":"https:\/\/isfd60-bue.infd.edu.ar\/sitio\/wp-json\/wp\/v2\/pages\/286"}],"collection":[{"href":"https:\/\/isfd60-bue.infd.edu.ar\/sitio\/wp-json\/wp\/v2\/pages"}],"about":[{"href":"https:\/\/isfd60-bue.infd.edu.ar\/sitio\/wp-json\/wp\/v2\/types\/page"}],"author":[{"embeddable":true,"href":"https:\/\/isfd60-bue.infd.edu.ar\/sitio\/wp-json\/wp\/v2\/users\/1"}],"replies":[{"embeddable":true,"href":"https:\/\/isfd60-bue.infd.edu.ar\/sitio\/wp-json\/wp\/v2\/comments?post=286"}],"version-history":[{"count":455,"href":"https:\/\/isfd60-bue.infd.edu.ar\/sitio\/wp-json\/wp\/v2\/pages\/286\/revisions"}],"predecessor-version":[{"id":2091,"href":"https:\/\/isfd60-bue.infd.edu.ar\/sitio\/wp-json\/wp\/v2\/pages\/286\/revisions\/2091"}],"wp:attachment":[{"href":"https:\/\/isfd60-bue.infd.edu.ar\/sitio\/wp-json\/wp\/v2\/media?parent=286"}],"curies":[{"name":"wp","href":"https:\/\/api.w.org\/{rel}","templated":true}]}}