{"id":872,"date":"2018-08-29T15:25:57","date_gmt":"2018-08-29T18:25:57","guid":{"rendered":"https:\/\/isfd60-bue.infd.edu.ar\/sitio\/nuestra-comunidad\/"},"modified":"2021-09-09T21:23:03","modified_gmt":"2021-09-10T00:23:03","slug":"nuestra-comunidad","status":"publish","type":"page","link":"https:\/\/isfd60-bue.infd.edu.ar\/sitio\/nuestra-comunidad\/","title":{"rendered":"Nuestra Comunidad"},"content":{"rendered":"<p><span style=\"font-family: verdana,geneva;\"><strong><img decoding=\"async\" loading=\"lazy\" style=\"border: 0px; display: block; margin-left: auto; margin-right: auto;\" src=\"https:\/\/isfd60-bue.infd.edu.ar\/sitio\/wp-content\/uploads\/2018\/08\/General_2_Large.jpg\" border=\"0\" alt=\"Los Toldos\" title=\"Los Toldos\" width=\"600\" height=\"390\"><br \/>\n<\/strong><\/span><\/p>\n<p style=\"text-align: justify;\"><span style=\"font-family: verdana,geneva; color: #000000;\"><strong>Los Toldos<\/strong> es una ciudad y estaci\u00f3n de ferrocarril del noroeste de la <a title=\"Provincia de Buenos Aires\" href=\"http:\/\/es.wikipedia.org\/wiki\/Provincia_de_Buenos_Aires\">provincia de Buenos Aires<\/a>, limita con los partidos bonaerenses de <a title=\"Jun\u00edn (Buenos Aires)\" href=\"http:\/\/es.wikipedia.org\/wiki\/Jun%C3%ADn_%28Buenos_Aires%29\">Jun\u00edn<\/a>, <a class=\"mw-redirect\" title=\"Bragado (Buenos Aires)\" href=\"http:\/\/es.wikipedia.org\/wiki\/Bragado_%28Buenos_Aires%29\">Bragado<\/a>, <a class=\"mw-redirect\" title=\"9 de Julio (Buenos Aires)\" href=\"http:\/\/es.wikipedia.org\/wiki\/9_de_Julio_%28Buenos_Aires%29\">9 de Julio<\/a> y <a class=\"mw-redirect\" title=\"Lincoln (Buenos Aires)\" href=\"http:\/\/es.wikipedia.org\/wiki\/Lincoln_%28Buenos_Aires%29\">Lincoln<\/a>, originada en la tolder\u00eda <a class=\"mw-redirect\" title=\"Mapuche\" href=\"http:\/\/es.wikipedia.org\/wiki\/Mapuche\">mapuche<\/a> instalada por el lonco <a title=\"Ignacio Coliqueo\" href=\"http:\/\/es.wikipedia.org\/wiki\/Ignacio_Coliqueo\">Ignacio Coliqueo<\/a> en la segunda mitad del siglo XIX. Es cabecera del <a title=\"Anexo:Partidos de la Provincia de Buenos Aires\" href=\"http:\/\/es.wikipedia.org\/wiki\/Anexo:Partidos_de_la_Provincia_de_Buenos_Aires\">partido<\/a> de <a title=\"Partido de General Viamonte\" href=\"http:\/\/es.wikipedia.org\/wiki\/Partido_de_General_Viamonte\">General Viamonte<\/a>.<\/span><\/p>\n<p style=\"text-align: justify;\"><span style=\"font-family: verdana,geneva; color: #000000;\">El Partido tiene una superficie aproximada de 2.145,28 Km2. Los pueblos que lo conforman son: Los Toldos, <a title=\"Baigorrita (Buenos Aires)\" href=\"http:\/\/es.wikipedia.org\/wiki\/Baigorrita_%28Buenos_Aires%29\">Baigorrita<\/a>, <a title=\"Estaci\u00f3n Chancay\" href=\"http:\/\/es.wikipedia.org\/wiki\/Estaci%C3%B3n_Chancay\">Estaci\u00f3n Chancay<\/a>, <a class=\"mw-redirect\" title=\"La Delfina (Buenos Aires)\" href=\"http:\/\/es.wikipedia.org\/wiki\/La_Delfina_%28Buenos_Aires%29\">La Delfina<\/a>, <a title=\"Estaci\u00f3n Quirno Costa\" href=\"http:\/\/es.wikipedia.org\/wiki\/Estaci%C3%B3n_Quirno_Costa\">Estaci\u00f3n Quirno Costa<\/a>, <a title=\"San Emilio (Buenos Aires)\" href=\"http:\/\/es.wikipedia.org\/wiki\/San_Emilio_%28Buenos_Aires%29\">San Emilio<\/a>, <a title=\"Zaval\u00eda\" href=\"http:\/\/es.wikipedia.org\/wiki\/Zaval%C3%ADa\">Zaval\u00eda<\/a>.<\/span><\/p>\n<p style=\"text-align: justify;\"><span style=\"font-family: verdana,geneva; color: #000000;\">Es com\u00fan encontrar que se denomina err\u00f3neamente a la ciudad con el  nombre del partido, lo cual se encuentra incluso en algunas leyes de la  provincia y varias publicaciones oficiales que se refieren a la  localidad como <strong>General Viamonte<\/strong>; sin embargo, el nombre de <strong>Los Toldos<\/strong> fue inequ\u00edvocamente confirmado en 1985 por la Legislatura Provincial mediante la ley N\u00ba 16282.<\/span><\/p>\n<p style=\"text-align: justify;\"><span style=\"font-family: verdana,geneva; color: #000000;\">La actividad agropecuaria es la base de su econom\u00eda. Es conocida,  entre otras cosas, por haber sido el lugar donde naci\u00f3 y se crio <a class=\"mw-redirect\" title=\"Eva Duarte de Per\u00f3n\" href=\"http:\/\/es.wikipedia.org\/wiki\/Eva_Duarte_de_Per%C3%B3n\">Eva Duarte<\/a> (Evita), esposa del presidente <a title=\"Juan Domingo Per\u00f3n\" href=\"http:\/\/es.wikipedia.org\/wiki\/Juan_Domingo_Per%C3%B3n\">Juan Domingo Per\u00f3n<\/a>.<\/span><\/p>\n<p><span style=\"font-size: 14pt;\"><strong><span style=\"font-family: verdana,geneva;\"><span id=\"Toponomia\" class=\"mw-headline\">Toponomia<\/span><\/span><\/strong><\/span><\/p>\n<p style=\"text-align: justify;\"><span style=\"font-family: verdana,geneva;\">Cuando en 1908 se cre\u00f3 nuestro partido, el gobierno le dio el nombre  de Los Toldos, a pesar de varias propuestas diferentes. En 1910 los  legisladores de entonces cambiaron el nombre del partido por el de  \u00abGeneral Viamonte\u00bb, no as\u00ed el del pueblo como se desprende de las actas  de la Legislatura de la Provincias. La confusi\u00f3n de los nombres (General  Viamonte o Los Toldos) se institucionaliza cuando el texto de la Ley  5187 del a\u00f1o 1947, dice en su art\u00edculo 1\u00ba, \u00abDecl\u00e1rese ciudad al pueblo  de General Viamonte cabecera del partido de General Viamonte\u00bb. No hubo  discusi\u00f3n sobre el nombre, el \u00fanico objetivo era elevar el pueblo  (nativo de EVA PERON) al rango de ciudad. Se redact\u00f3 a prop\u00f3sito de esta  forma para evitar oposici\u00f3n al virtual cambio de denominaci\u00f3n.  Lentamente, ayudado por la revalorizaci\u00f3n de la cultura ind\u00edgena y la  toma de conciencia de la importancia de las \u00abra\u00edces\u00bb, naci\u00f3 en los  pobladores la convicci\u00f3n de que Los Toldos no deb\u00eda llamarse General  Viamonte y en 1985 en Concejo Deliberante vot\u00f3 de com\u00fan acuerdo un  proyecto de ley para que se restituyera el nombre hist\u00f3rico de nuestra  ciudad. Por Ley 16282 de ese mismo a\u00f1o,&nbsp;:\u00bb: &#8230; la ciudad cabecera del  partido de General Viamonte se denominar\u00e1 \u00abLos Toldos\u00bb &#8230;\u00bb As\u00ed se  cumpli\u00f3 y se cumplir\u00e1 lo que dijo su fundador: \u00abLOS TOLDOS SERA SU  NOMBRE \u00ab.<\/span><\/p>\n<p><span style=\"font-size: 14pt;\"><strong><span style=\"font-family: verdana,geneva;\"><span id=\"Desarrollo\" class=\"mw-headline\">Desarrollo<\/span><\/span><\/strong><\/span><\/p>\n<p style=\"text-align: justify;\"><span style=\"font-family: verdana,geneva;\">Sus caracter\u00edsticas principales son, como la mayor\u00eda de las ciudades y  pueblos del interior de la provincia, Los Toldos basa su econom\u00eda en la  <a class=\"new\" title=\"Producci\u00f3n agropecuaria (a\u00fan no redactado)\" href=\"http:\/\/es.wikipedia.org\/w\/index.php?title=Producci%C3%B3n_agropecuaria&amp;action=edit&amp;redlink=1\">producci\u00f3n agropecuaria<\/a>.  Existen emprendimientos industriales, productivos y de servicios. El  Partido de General Viamonte es miembro del Corredor Productivo del  Noroeste Bonaerense (CoProNoBa). Hacia finales de 1997 la apertura de  una zona industrial planificada sobre una superficie de 60 hect\u00e1reas.  Diversas obras p\u00fablicas en v\u00edas de ejecuci\u00f3n acompa\u00f1an las iniciativas  privadas en cuanto a construcci\u00f3n, funcionamiento de entidades y  organismos con objetivos espec\u00edficos, que procuran de conjunto, la  consolidaci\u00f3n de una ciudad t\u00edpica de la pampa h\u00fameda, generosa en  vertientes tradicionalistas desde su nacimiento.<\/span><\/p>\n<p style=\"text-align: right;\"><em>Fuente: <a href=\"http:\/\/es.wikipedia.org\/wiki\/Los_Toldos_%28Buenos_Aires%29\">http:\/\/es.wikipedia.org\/wiki\/Los_Toldos_%28Buenos_Aires%29<\/a><\/em><\/p>\n","protected":false},"excerpt":{"rendered":"<p>Los Toldos es una ciudad y estaci\u00f3n de ferrocarril del noroeste de la provincia de Buenos Aires, limita con los partidos bonaerenses de Jun\u00edn, Bragado, 9 de Julio y Lincoln, originada en la tolder\u00eda mapuche instalada por el lonco Ignacio Coliqueo en la segunda mitad del siglo XIX. Es cabecera del partido de General Viamonte. &#8230; <a title=\"Nuestra Comunidad\" class=\"read-more\" href=\"https:\/\/isfd60-bue.infd.edu.ar\/sitio\/nuestra-comunidad\/\" aria-label=\"More on Nuestra Comunidad\">[+]<\/a><\/p>\n","protected":false},"author":89,"featured_media":0,"parent":0,"menu_order":0,"comment_status":"closed","ping_status":"closed","template":"","meta":[],"acf":[],"_links":{"self":[{"href":"https:\/\/isfd60-bue.infd.edu.ar\/sitio\/wp-json\/wp\/v2\/pages\/872"}],"collection":[{"href":"https:\/\/isfd60-bue.infd.edu.ar\/sitio\/wp-json\/wp\/v2\/pages"}],"about":[{"href":"https:\/\/isfd60-bue.infd.edu.ar\/sitio\/wp-json\/wp\/v2\/types\/page"}],"author":[{"embeddable":true,"href":"https:\/\/isfd60-bue.infd.edu.ar\/sitio\/wp-json\/wp\/v2\/users\/89"}],"replies":[{"embeddable":true,"href":"https:\/\/isfd60-bue.infd.edu.ar\/sitio\/wp-json\/wp\/v2\/comments?post=872"}],"version-history":[{"count":1,"href":"https:\/\/isfd60-bue.infd.edu.ar\/sitio\/wp-json\/wp\/v2\/pages\/872\/revisions"}],"predecessor-version":[{"id":1312,"href":"https:\/\/isfd60-bue.infd.edu.ar\/sitio\/wp-json\/wp\/v2\/pages\/872\/revisions\/1312"}],"wp:attachment":[{"href":"https:\/\/isfd60-bue.infd.edu.ar\/sitio\/wp-json\/wp\/v2\/media?parent=872"}],"curies":[{"name":"wp","href":"https:\/\/api.w.org\/{rel}","templated":true}]}}