{"id":882,"date":"2018-08-29T15:26:02","date_gmt":"2018-08-29T18:26:02","guid":{"rendered":"https:\/\/isfd60-bue.infd.edu.ar\/sitio\/datos-institucionales\/"},"modified":"2021-05-27T19:39:20","modified_gmt":"2021-05-27T22:39:20","slug":"datos-institucionales","status":"publish","type":"page","link":"https:\/\/isfd60-bue.infd.edu.ar\/sitio\/datos-institucionales\/","title":{"rendered":"Datos institucionales"},"content":{"rendered":"<p><span style=\"color: #339966;\"><strong><span style=\"font-family: verdana; font-size: 10pt;\">Escuela Normal Superior \u00bb Dr. Justo \u00c1lvarez Rodr\u00edguez\u00bb- Instituto Superior de Formaci\u00f3n Docente N\u00ba 60<br \/>\n<\/span><\/strong><\/span><\/p>\n<p><span style=\"color: #339966;\"><span style=\"font-family: verdana; font-size: 10pt;\">Horario de atenci\u00f3n: de 18 a 22 horas.<br \/>\n<\/span><\/span><\/p>\n<p><span style=\"color: #339966;\"><span style=\"font-family: verdana; font-size: 10pt;\">Direcci\u00f3n: Urquiza 553<br \/>\n<\/span><\/span><\/p>\n<p><span style=\"color: #339966;\"><span style=\"font-family: verdana; font-size: 10pt;\">Tel\u00e9fonos: 02358- 442131<br \/>\n<\/span><\/span><br \/>\n<span style=\"color: #339966;\"><span style=\"font-family: verdana; font-size: 10pt;\">E-mail de consultas: isfd60viamonte@abc.gob.ar<br \/>\n<\/span><\/span><\/p>\n","protected":false},"excerpt":{"rendered":"<p>Escuela Normal Superior \u00bb Dr. Justo \u00c1lvarez Rodr\u00edguez\u00bb- Instituto Superior de Formaci\u00f3n Docente N\u00ba 60 Horario de atenci\u00f3n: de 18 a 22 horas. Direcci\u00f3n: Urquiza 553 Tel\u00e9fonos: 02358- 442131 E-mail de consultas: isfd60viamonte@abc.gob.ar<\/p>\n","protected":false},"author":89,"featured_media":0,"parent":0,"menu_order":0,"comment_status":"closed","ping_status":"closed","template":"","meta":[],"acf":[],"_links":{"self":[{"href":"https:\/\/isfd60-bue.infd.edu.ar\/sitio\/wp-json\/wp\/v2\/pages\/882"}],"collection":[{"href":"https:\/\/isfd60-bue.infd.edu.ar\/sitio\/wp-json\/wp\/v2\/pages"}],"about":[{"href":"https:\/\/isfd60-bue.infd.edu.ar\/sitio\/wp-json\/wp\/v2\/types\/page"}],"author":[{"embeddable":true,"href":"https:\/\/isfd60-bue.infd.edu.ar\/sitio\/wp-json\/wp\/v2\/users\/89"}],"replies":[{"embeddable":true,"href":"https:\/\/isfd60-bue.infd.edu.ar\/sitio\/wp-json\/wp\/v2\/comments?post=882"}],"version-history":[{"count":2,"href":"https:\/\/isfd60-bue.infd.edu.ar\/sitio\/wp-json\/wp\/v2\/pages\/882\/revisions"}],"predecessor-version":[{"id":1242,"href":"https:\/\/isfd60-bue.infd.edu.ar\/sitio\/wp-json\/wp\/v2\/pages\/882\/revisions\/1242"}],"wp:attachment":[{"href":"https:\/\/isfd60-bue.infd.edu.ar\/sitio\/wp-json\/wp\/v2\/media?parent=882"}],"curies":[{"name":"wp","href":"https:\/\/api.w.org\/{rel}","templated":true}]}}