{"id":885,"date":"2018-08-29T15:26:03","date_gmt":"2018-08-29T18:26:03","guid":{"rendered":"https:\/\/isfd60-bue.infd.edu.ar\/sitio\/autoridades-2\/"},"modified":"2023-12-14T18:12:08","modified_gmt":"2023-12-14T21:12:08","slug":"autoridades-2","status":"publish","type":"page","link":"https:\/\/isfd60-bue.infd.edu.ar\/sitio\/autoridades-2\/","title":{"rendered":"Autoridades"},"content":{"rendered":"<p><strong><span style=\"color: #000080; font-size: 10pt; font-family: verdana,geneva;\">Directora de la Unidad Acad\u00e9mica: Prof. Claudia Gonz\u00e1lez<\/span><\/strong><\/p>\n<p><strong><span style=\"color: #000080; font-size: 10pt; font-family: verdana,geneva;\">Vice Director de la Unidad Acad\u00e9mica: Prof. C\u00e9sar Par\u00eds<br \/>\n<\/span><\/strong><\/p>\n<p><strong><span style=\"color: #000080; font-size: 10pt; font-family: verdana,geneva;\">Secretaria de la Unidad Acad\u00e9mica: Lic. Mar\u00eda Lucrecia Torres <\/span><\/strong><\/p>\n<p><strong><span style=\"color: #000080; font-size: 10pt; font-family: verdana,geneva;\">Pro-Secretaria de la Unidad Acad\u00e9mica: Prof. Laura Squejola<\/span><\/strong><\/p>\n<p><span style=\"color: #008000; font-size: 10pt; font-family: verdana,geneva;\">\u00a0<\/span><\/p>\n","protected":false},"excerpt":{"rendered":"<p>Directora de la Unidad Acad\u00e9mica: Prof. Claudia Gonz\u00e1lez Vice Director de la Unidad Acad\u00e9mica: Prof. C\u00e9sar Par\u00eds Secretaria de la Unidad Acad\u00e9mica: Lic. Mar\u00eda Lucrecia Torres Pro-Secretaria de la Unidad Acad\u00e9mica: Prof. Laura Squejola \u00a0<\/p>\n","protected":false},"author":89,"featured_media":0,"parent":0,"menu_order":0,"comment_status":"closed","ping_status":"closed","template":"","meta":[],"acf":[],"_links":{"self":[{"href":"https:\/\/isfd60-bue.infd.edu.ar\/sitio\/wp-json\/wp\/v2\/pages\/885"}],"collection":[{"href":"https:\/\/isfd60-bue.infd.edu.ar\/sitio\/wp-json\/wp\/v2\/pages"}],"about":[{"href":"https:\/\/isfd60-bue.infd.edu.ar\/sitio\/wp-json\/wp\/v2\/types\/page"}],"author":[{"embeddable":true,"href":"https:\/\/isfd60-bue.infd.edu.ar\/sitio\/wp-json\/wp\/v2\/users\/89"}],"replies":[{"embeddable":true,"href":"https:\/\/isfd60-bue.infd.edu.ar\/sitio\/wp-json\/wp\/v2\/comments?post=885"}],"version-history":[{"count":3,"href":"https:\/\/isfd60-bue.infd.edu.ar\/sitio\/wp-json\/wp\/v2\/pages\/885\/revisions"}],"predecessor-version":[{"id":1885,"href":"https:\/\/isfd60-bue.infd.edu.ar\/sitio\/wp-json\/wp\/v2\/pages\/885\/revisions\/1885"}],"wp:attachment":[{"href":"https:\/\/isfd60-bue.infd.edu.ar\/sitio\/wp-json\/wp\/v2\/media?parent=885"}],"curies":[{"name":"wp","href":"https:\/\/api.w.org\/{rel}","templated":true}]}}