{"id":891,"date":"2018-08-29T15:26:05","date_gmt":"2018-08-29T18:26:05","guid":{"rendered":"https:\/\/isfd60-bue.infd.edu.ar\/sitio\/profesorado-en-educacion-inicial\/"},"modified":"2024-02-08T18:35:59","modified_gmt":"2024-02-08T21:35:59","slug":"profesorado-en-educacion-inicial","status":"publish","type":"page","link":"https:\/\/isfd60-bue.infd.edu.ar\/sitio\/profesorado-en-educacion-inicial\/","title":{"rendered":"Profesorado en Educaci\u00f3n Inicial"},"content":{"rendered":"<p><img decoding=\"async\" loading=\"lazy\" class=\"rg_i Q4LuWd aligncenter\" src=\"https:\/\/encrypted-tbn0.gstatic.com\/images?q=tbn%3AANd9GcRWdWfNKJWiVtoYdE3xFDT-2MDvCzNvJBSwvA&amp;usqp=CAU\" alt=\"Profesorado de Educaci\u00f3n Inicial \u2013 I.E.S. T-004 Normal &quot;Gral. Toribio de Luzuriaga&quot;\" width=\"427\" height=\"116\" data-src=\"https:\/\/encrypted-tbn0.gstatic.com\/images?q=tbn%3AANd9GcRWdWfNKJWiVtoYdE3xFDT-2MDvCzNvJBSwvA&amp;usqp=CAU\" data-lt=\"\" \/><\/p>\n<p style=\"text-align: justify;\"><span style=\"font-family: verdana,geneva; font-size: 10pt;\">El Profesorado en Educaci\u00f3n Inicial tiene como objetivo principal formar docentes\u00a0 competentes en el \u00e1rea\u00a0t\u00e9cnica, con s\u00f3lidos conocimientos pedag\u00f3gicos,\u00a0atentos a los cambios y transformaciones propios de nuestra\u00a0tarea cotidiana y comprometidos con la realidad sociocultural de nuestro pa\u00eds, con un perfil abierto a las necesidades de los otros en el mundo que nos toca transitar.<\/span><\/p>\n<p style=\"margin-right: 20px; text-align: justify;\"><span style=\"font-family: verdana,geneva; font-size: 10pt;\">Nos preocupa una formaci\u00f3n integral e integrada que se cristaliza a partir de dos ejes vertebradores:\u00a0<\/span><\/p>\n<ul style=\"text-align: justify;\">\n<li>\n<p style=\"margin-right: 20px;\"><span style=\"font-family: verdana,geneva; font-size: 10pt;\">la formaci\u00f3n pedag\u00f3gica que involucra la preparaci\u00f3n en la actividad de la ense\u00f1anza a trav\u00e9s del abordaje de las diferentes metodolog\u00edas que conforman el quehacer \u00e1ulico;\u00a0<\/span><\/p>\n<\/li>\n<li>\n<p style=\"margin-right: 20px;\"><span style=\"font-family: verdana,geneva; font-size: 10pt;\">la formaci\u00f3n en la psicolog\u00eda infantil a partir de la cual se\u00a0busca insertar al alumno en situaciones significativas que lo interpelen y motiven<br \/>\n<\/span><\/p>\n<\/li>\n<\/ul>\n<p style=\"margin-right: 20px; text-align: justify;\"><span style=\"font-family: verdana,geneva; font-size: 10pt;\">En nuestro escenario de acci\u00f3n cada uno de nuestros alumnos son los protagonistas de este trabajo en equipo que llevamos a cabo junto con los\u00a0docentes, y en el cual tenemos como meta en com\u00fan la adquisici\u00f3n de las competencias necesarias para desarrollar con responsabilidad y eficiencia nuestra tarea.<\/span><\/p>\n<p style=\"margin-right: 20px; text-align: justify;\"><span style=\"font-family: verdana,geneva; font-size: 10pt;\">Por esta finalidad es que construimos espacios de participaci\u00f3n en los que desarrollamos Proyectos Interdisciplinarios\u00a0con otras Areas y Carreras, Proyectos Comunitarios que permitan a nuestros estudiantes conocer y trabajar en\u00a0 instituciones con distintas realidades socioecon\u00f3micas brindando lo que saben hacer al servicio del que m\u00e1s lo necesita.<\/span><\/p>\n<hr \/>\n<p style=\"text-align: center;\"><span style=\"font-family: arial; font-size: 10pt;\"><strong>\u00a0\u00a0 <span style=\"color: #3e748e;\"><span style=\"font-size: 12pt;\">Plan de estudio &#8211; Educaci\u00f3n Inicial (R. M. N\u00ba 4154<\/span><\/span><\/strong><\/span><span style=\"font-family: arial; font-size: 10pt;\"><strong><span style=\"color: #3e748e;\"><span style=\"font-size: 12pt;\">\/07)<\/span><\/span><\/strong><\/span><\/p>\n<p>Para mayor informaci\u00f3n sobre la Estructura curricular y los contenidos de las distintas asignaturas consultar la<a href=\"http:\/\/www.me.gov.ar\/consejo\/resoluciones\/res07\/24-07.pdf\">\u00a0<\/a><a href=\"http:\/\/www.me.gov.ar\/consejo\/resoluciones\/res07\/24-07.pdf\">R. M. N\u00ba 4154\/07\u00a0<\/a>de resoluci\u00f3n de la carrera.<\/p>\n<p><a href=\"https:\/\/isfd60-bue.infd.edu.ar\/sitio\/wp-content\/uploads\/sitio\/Disenio_Educacion_Inicial_y_Primaria.pdf\" target=\"_blank\" rel=\"noopener\"><img decoding=\"async\" loading=\"lazy\" class=\"alignnone  wp-image-1314\" src=\"https:\/\/isfd60-bue.infd.edu.ar\/sitio\/wp-content\/uploads\/2021\/09\/icono-p-diseno-curricular.png\" alt=\"\" width=\"120\" height=\"80\" \/><\/a>\u00a0 \u00a0 \u00a0 \u00a0 \u00a0 \u00a0 \u00a0 \u00a0 \u00a0 \u00a0 \u00a0 \u00a0 \u00a0 \u00a0 \u00a0 \u00a0 \u00a0 \u00a0 \u00a0 \u00a0 \u00a0 \u00a0 \u00a0 \u00a0 \u00a0 \u00a0 \u00a0 \u00a0 \u00a0 \u00a0 \u00a0 \u00a0 \u00a0 \u00a0 \u00a0 <a href=\"https:\/\/isfd60-bue.infd.edu.ar\/sitio\/wp-content\/uploads\/2024\/02\/IF-2023-45620671-GDEBA-SDIFDIDGCYE-Inicial-ANEXO2.pdf\" target=\"_blank\" rel=\"noopener\"><img decoding=\"async\" loading=\"lazy\" class=\"alignnone  wp-image-1314\" src=\"https:\/\/isfd60-bue.infd.edu.ar\/sitio\/wp-content\/uploads\/2021\/09\/icono-p-diseno-curricular.png\" alt=\"\" width=\"120\" height=\"80\" \/><\/a>\u00a0 \u00a0 \u00a0 \u00a0 \u00a0 \u00a0 \u00a0 \u00a0 \u00a0 \u00a0 \u00a0 \u00a0 \u00a0 \u00a0 \u00a0 \u00a0 \u00a0 \u00a0 \u00a0 \u00a0 \u00a0 \u00a0 \u00a0 \u00a0 \u00a0 \u00a0 \u00a0 \u00a0 \u00a0 \u00a0 \u00a0 \u00a0 \u00a0 \u00a0 <a href=\"https:\/\/isfd60-bue.infd.edu.ar\/sitio\/wp-content\/uploads\/2021\/09\/Plan-de-estudio_Inicial-1.docx\" target=\"_blank\" rel=\"noopener\"><img decoding=\"async\" loading=\"lazy\" class=\"alignnone  wp-image-1314\" src=\"https:\/\/isfd60-bue.infd.edu.ar\/sitio\/wp-content\/uploads\/2021\/09\/icono-p-diseno-curricular.png\" alt=\"\" width=\"120\" height=\"80\" \/><\/a><\/p>\n<p><strong>DISE\u00d1O CURRICULAR\u00a0 \u00a0 \u00a0 \u00a0 \u00a0 \u00a0 \u00a0 \u00a0 \u00a0 \u00a0 \u00a0 \u00a0 \u00a0 \u00a0 \u00a0 \u00a0 \u00a0 \u00a0 \u00a0 \u00a0 \u00a0 \u00a0 \u00a0 \u00a0 \u00a0 \u00a0 \u00a0 \u00a0 \u00a0 CORRELATIVAS\u00a0 \u00a0 \u00a0 \u00a0 \u00a0 \u00a0 \u00a0 \u00a0 \u00a0 \u00a0 \u00a0 \u00a0 \u00a0 \u00a0 \u00a0 \u00a0 \u00a0 \u00a0 \u00a0 \u00a0 \u00a0 \u00a0 \u00a0 \u00a0 \u00a0 \u00a0 \u00a0 \u00a0 \u00a0 \u00a0 \u00a0 \u00a0 \u00a0PLAN DE ESTUDIO<\/strong><\/p>\n","protected":false},"excerpt":{"rendered":"<p>El Profesorado en Educaci\u00f3n Inicial tiene como objetivo principal formar docentes\u00a0 competentes en el \u00e1rea\u00a0t\u00e9cnica, con s\u00f3lidos conocimientos pedag\u00f3gicos,\u00a0atentos a los cambios y transformaciones propios de nuestra\u00a0tarea cotidiana y comprometidos con la realidad sociocultural de nuestro pa\u00eds, con un perfil abierto a las necesidades de los otros en el mundo que nos toca transitar. Nos &#8230; <a title=\"Profesorado en Educaci\u00f3n Inicial\" class=\"read-more\" href=\"https:\/\/isfd60-bue.infd.edu.ar\/sitio\/profesorado-en-educacion-inicial\/\" aria-label=\"More on Profesorado en Educaci\u00f3n Inicial\">[+]<\/a><\/p>\n","protected":false},"author":89,"featured_media":0,"parent":0,"menu_order":0,"comment_status":"closed","ping_status":"closed","template":"","meta":[],"acf":[],"_links":{"self":[{"href":"https:\/\/isfd60-bue.infd.edu.ar\/sitio\/wp-json\/wp\/v2\/pages\/891"}],"collection":[{"href":"https:\/\/isfd60-bue.infd.edu.ar\/sitio\/wp-json\/wp\/v2\/pages"}],"about":[{"href":"https:\/\/isfd60-bue.infd.edu.ar\/sitio\/wp-json\/wp\/v2\/types\/page"}],"author":[{"embeddable":true,"href":"https:\/\/isfd60-bue.infd.edu.ar\/sitio\/wp-json\/wp\/v2\/users\/89"}],"replies":[{"embeddable":true,"href":"https:\/\/isfd60-bue.infd.edu.ar\/sitio\/wp-json\/wp\/v2\/comments?post=891"}],"version-history":[{"count":5,"href":"https:\/\/isfd60-bue.infd.edu.ar\/sitio\/wp-json\/wp\/v2\/pages\/891\/revisions"}],"predecessor-version":[{"id":1957,"href":"https:\/\/isfd60-bue.infd.edu.ar\/sitio\/wp-json\/wp\/v2\/pages\/891\/revisions\/1957"}],"wp:attachment":[{"href":"https:\/\/isfd60-bue.infd.edu.ar\/sitio\/wp-json\/wp\/v2\/media?parent=891"}],"curies":[{"name":"wp","href":"https:\/\/api.w.org\/{rel}","templated":true}]}}