{"id":893,"date":"2018-08-29T15:26:06","date_gmt":"2018-08-29T18:26:06","guid":{"rendered":"https:\/\/isfd60-bue.infd.edu.ar\/sitio\/profesorado-en-educacion-primaria\/"},"modified":"2025-02-21T20:11:25","modified_gmt":"2025-02-21T23:11:25","slug":"profesorado-en-educacion-primaria","status":"publish","type":"page","link":"https:\/\/isfd60-bue.infd.edu.ar\/sitio\/profesorado-en-educacion-primaria\/","title":{"rendered":"Profesorado en Educaci\u00f3n Primaria"},"content":{"rendered":"<h4>\u00a0<img decoding=\"async\" class=\"aligncenter\" src=\"https:\/\/isfd60-bue.infd.edu.ar\/sitio\/wp-content\/uploads\/2018\/08\/Primariaprimergrado.jpg\" border=\"0\" \/><\/h4>\n<p>El Dise\u00f1o Curricular de la Formaci\u00f3n Docente de Nivel Inicial y Nivel Primario ha sido construido sobre la base de un proceso participativo desarrollado durante el per\u00edodo 2006 \u2013 2007. Ese proceso se inici\u00f3 con la voluntad pol\u00edtica de la Direcci\u00f3n General de Cultura y Educaci\u00f3n de la Provincia de Buenos Aires, m\u00e1s el impulso concreto dado por la Direcci\u00f3n de Educaci\u00f3n Superior (DES).<\/p>\n<p>Los fundamentos en que se asienta este Dise\u00f1o Curricular se constituyen a partir de la intersecci\u00f3n de dos campos pedag\u00f3gicos te\u00f3rico \u2013 pr\u00e1cticos: el que corresponde al propio curr\u00edculum y el del objeto de transformaci\u00f3n del nivel, la formaci\u00f3n de docentes. Ambos t\u00e9rminos cobran identidad en dicha articulaci\u00f3n en tanto el curr\u00edculum se convierte en propuesta formativa de docentes y la formaci\u00f3n de docentes se enra\u00edza, encauza y desenvuelve en aquel. Ambos est\u00e1n din\u00e1micamente articulados y desbordan sus propias fronteras, por tratarse de manifestaciones y pr\u00e1cticas del campo sociocultural.<\/p>\n<p><strong>La organizaci\u00f3n curricular general<\/strong><\/p>\n<p>En este paradigma articulador, el curr\u00edculum se organiza sobre la base de distintos campos que no aluden a espacios con fronteras delimitadas o cerradas en s\u00ed mismas. Los campos curriculares son pensados como estructuras que se entrelazan y complementan entre s\u00ed.<\/p>\n<p><strong>El Campo de Actualizaci\u00f3n Formativa<\/strong> debe hacer especial hincapi\u00e9 en la necesidad de fortalecer la identidad y la especificidad de la Formaci\u00f3n Docente como pr\u00e1ctica de educaci\u00f3n superior. Sin duda, este proceso de reconocimiento de quienes eligen la Formaci\u00f3n Docente es decisivo a la hora de desarrollar las propuestas y los procesos<\/p>\n<p>formativos, pero sin vaciar de identidad y especificidad a la educaci\u00f3n superior.<\/p>\n<p>Las materias de este Campo resultan de los diagn\u00f3sticos elaborados por los Institutos Superiores; por ello es funci\u00f3n del mismo dar respuesta a los saberes que requiere el ingresante para ser art\u00edfice de su propio proceso de formaci\u00f3n.<\/p>\n<p>Por ello, el Campo de Actualizaci\u00f3n Formativa es el que enfrenta estas tensiones a trav\u00e9s de dos clases de materias:<\/p>\n<p>\u2022 las que tienen por objeto contenidos definidos en el dise\u00f1o, como Lectura, oralidad y escritura y Pensamiento l\u00f3gico matem\u00e1tico;<\/p>\n<p>\u2022 la que ser\u00e1 definida, en un Taller de definici\u00f3n institucional, por cada instituci\u00f3n, de acuerdo con el reconocimiento por parte del colectivo institucional sobre las caracter\u00edsticas del ingresante.<\/p>\n<p><strong>El campo de fundamentaci\u00f3n\u00a0<\/strong>tiene como prop\u00f3sito y finalidad establecer las bases y los marcos referenciales que permitan a los docentes en formaci\u00f3n conocer el conjunto de teor\u00edas que posibilitan un posicionamiento como ense\u00f1ante, pedagogo y trabajador de la cultura en el contexto de la sociedad argentina y latinoamericana.<\/p>\n<p>El Sistema Educativo Provincial debe garantizar la formaci\u00f3n de docentes convencidos del potencial liberador y transformador de las situaciones de injusticia que toda pedagog\u00eda cr\u00edtica conlleva.<\/p>\n<p>La inclusi\u00f3n de Filosof\u00eda, Pedagog\u00eda y Did\u00e1ctica General tiene por objeto brindarles a los estudiantes herramientas conceptuales acerca de las tradiciones y los debates actuales (especialmente los producidos en Am\u00e9rica Latina) referidos a la educaci\u00f3n y a la ense\u00f1anza a trav\u00e9s de una actitud cr\u00edtica orientada a su interpretaci\u00f3n, problematizaci\u00f3n y transformaci\u00f3n.<\/p>\n<p>La articulaci\u00f3n interna de este conjunto de materias, as\u00ed como las relaciones que se establecer\u00e1n con<\/p>\n<p>las de los otros campos, posibilitar\u00e1 un posicionamiento docente que ponga en acto el siguiente tri\u00e1ngulo:<\/p>\n<p>problematizar, construir conocimiento y organizarse para un trabajo en colaboraci\u00f3n.<\/p>\n<p>\u00a0<\/p>\n<p>\u00a0 \u00a0 \u00a0 \u00a0 \u00a0 \u00a0 \u00a0 \u00a0 \u00a0 <a href=\"https:\/\/isfd60-bue.infd.edu.ar\/sitio\/wp-content\/uploads\/sitio\/Disenio_Educacion_Inicial_y_Primaria.pdf\" target=\"_blank\" rel=\"noopener\"><img decoding=\"async\" loading=\"lazy\" class=\"alignnone  wp-image-1314\" src=\"https:\/\/isfd60-bue.infd.edu.ar\/sitio\/wp-content\/uploads\/2021\/09\/icono-p-diseno-curricular.png\" alt=\"\" width=\"96\" height=\"64\" \/><\/a>\u00a0 \u00a0 \u00a0 \u00a0 \u00a0 \u00a0 \u00a0 \u00a0 \u00a0 \u00a0 \u00a0 \u00a0 \u00a0 \u00a0 \u00a0 \u00a0 \u00a0 \u00a0 \u00a0 \u00a0 \u00a0 \u00a0 \u00a0 <a href=\"https:\/\/isfd60-bue.infd.edu.ar\/sitio\/wp-content\/uploads\/2024\/02\/IF-2023-45621652-GDEBA-SDIFDIDGCYE-Primaria-ANEXO3.pdf\" target=\"_blank\" rel=\"noopener\"><img decoding=\"async\" loading=\"lazy\" class=\"alignnone  wp-image-1314\" src=\"https:\/\/isfd60-bue.infd.edu.ar\/sitio\/wp-content\/uploads\/2021\/09\/icono-p-diseno-curricular.png\" alt=\"\" width=\"94\" height=\"62\" \/><\/a>\u00a0 \u00a0 \u00a0 \u00a0 \u00a0 \u00a0 \u00a0 \u00a0 \u00a0 \u00a0 \u00a0 \u00a0 \u00a0 \u00a0 \u00a0 \u00a0 \u00a0 \u00a0 \u00a0 \u00a0 \u00a0 \u00a0 \u00a0 \u00a0 \u00a0 \u00a0<a href=\"https:\/\/isfd60-bue.infd.edu.ar\/sitio\/wp-content\/uploads\/2021\/09\/Plan-de-estudio_Primaria.pdf\" target=\"_blank\" rel=\"noopener\"><img decoding=\"async\" loading=\"lazy\" class=\"alignnone  wp-image-1314\" src=\"https:\/\/isfd60-bue.infd.edu.ar\/sitio\/wp-content\/uploads\/2021\/09\/icono-p-diseno-curricular.png\" alt=\"\" width=\"91\" height=\"61\" \/><\/a>\u00a0 \u00a0 \u00a0 \u00a0<\/p>\n<p>\u00a0 \u00a0 \u00a0 \u00a0<strong><a href=\"https:\/\/isfd60-bue.infd.edu.ar\/sitio\/wp-content\/uploads\/sitio\/Disenio_Educacion_Inicial_y_Primaria.pdf\" target=\"_blank\" rel=\"noopener\">DISE\u00d1O CURRICULAR<\/a>\u00a0 \u00a0 \u00a0 \u00a0 \u00a0 \u00a0 \u00a0 \u00a0 \u00a0 \u00a0 \u00a0 \u00a0 \u00a0 \u00a0 \u00a0 \u00a0 \u00a0 \u00a0<a href=\"https:\/\/isfd60-bue.infd.edu.ar\/sitio\/wp-content\/uploads\/2024\/02\/IF-2023-45621652-GDEBA-SDIFDIDGCYE-Primaria-ANEXO3.pdf\" target=\"_blank\" rel=\"noopener\">CORRELATIVAS<\/a>\u00a0 \u00a0 \u00a0 \u00a0 \u00a0 \u00a0 \u00a0 \u00a0 \u00a0 \u00a0 \u00a0 \u00a0 \u00a0 \u00a0 \u00a0 \u00a0 \u00a0 \u00a0 \u00a0 \u00a0 \u00a0 <a href=\"https:\/\/isfd60-bue.infd.edu.ar\/sitio\/wp-content\/uploads\/2021\/09\/Plan-de-estudio_Primaria.pdf\" target=\"_blank\" rel=\"noopener\">PLAN DE ESTUDIO<\/a>\u00a0 \u00a0<\/strong> \u00a0 \u00a0 \u00a0 \u00a0 \u00a0 \u00a0 \u00a0 \u00a0 \u00a0 \u00a0 \u00a0 \u00a0 \u00a0 \u00a0 \u00a0 \u00a0 \u00a0 \u00a0 \u00a0 \u00a0 \u00a0 \u00a0\u00a0<\/p>\n\n\n<p><\/p>\n","protected":false},"excerpt":{"rendered":"<p>\u00a0 El Dise\u00f1o Curricular de la Formaci\u00f3n Docente de Nivel Inicial y Nivel Primario ha sido construido sobre la base de un proceso participativo desarrollado durante el per\u00edodo 2006 \u2013 2007. Ese proceso se inici\u00f3 con la voluntad pol\u00edtica de la Direcci\u00f3n General de Cultura y Educaci\u00f3n de la Provincia de Buenos Aires, m\u00e1s el &#8230; <a title=\"Profesorado en Educaci\u00f3n Primaria\" class=\"read-more\" href=\"https:\/\/isfd60-bue.infd.edu.ar\/sitio\/profesorado-en-educacion-primaria\/\" aria-label=\"More on Profesorado en Educaci\u00f3n Primaria\">[+]<\/a><\/p>\n","protected":false},"author":89,"featured_media":0,"parent":0,"menu_order":0,"comment_status":"closed","ping_status":"closed","template":"","meta":[],"acf":[],"_links":{"self":[{"href":"https:\/\/isfd60-bue.infd.edu.ar\/sitio\/wp-json\/wp\/v2\/pages\/893"}],"collection":[{"href":"https:\/\/isfd60-bue.infd.edu.ar\/sitio\/wp-json\/wp\/v2\/pages"}],"about":[{"href":"https:\/\/isfd60-bue.infd.edu.ar\/sitio\/wp-json\/wp\/v2\/types\/page"}],"author":[{"embeddable":true,"href":"https:\/\/isfd60-bue.infd.edu.ar\/sitio\/wp-json\/wp\/v2\/users\/89"}],"replies":[{"embeddable":true,"href":"https:\/\/isfd60-bue.infd.edu.ar\/sitio\/wp-json\/wp\/v2\/comments?post=893"}],"version-history":[{"count":8,"href":"https:\/\/isfd60-bue.infd.edu.ar\/sitio\/wp-json\/wp\/v2\/pages\/893\/revisions"}],"predecessor-version":[{"id":2018,"href":"https:\/\/isfd60-bue.infd.edu.ar\/sitio\/wp-json\/wp\/v2\/pages\/893\/revisions\/2018"}],"wp:attachment":[{"href":"https:\/\/isfd60-bue.infd.edu.ar\/sitio\/wp-json\/wp\/v2\/media?parent=893"}],"curies":[{"name":"wp","href":"https:\/\/api.w.org\/{rel}","templated":true}]}}