{"id":899,"date":"2019-11-19T15:26:09","date_gmt":"2019-11-19T18:26:09","guid":{"rendered":"https:\/\/isfd60-bue.infd.edu.ar\/sitio\/tramo-de-formacion-pedagogica-para-el-nivel-superior\/"},"modified":"2019-11-19T21:16:33","modified_gmt":"2019-11-20T00:16:33","slug":"tramo-de-formacion-pedagogica-para-el-nivel-superior","status":"publish","type":"page","link":"https:\/\/isfd60-bue.infd.edu.ar\/sitio\/tramo-de-formacion-pedagogica-para-el-nivel-superior\/","title":{"rendered":"Tramo de Formaci\u00f3n Pedag\u00f3gica para el Nivel Superior"},"content":{"rendered":"<h2 style=\"text-align: center;\"><span style=\"color: #3366ff;\">Tramo de Formaci\u00f3n Pedag\u00f3gica para Profesionales, T\u00e9cnicos Superiores para el nivel Superior<\/span><\/h2>\n<h2><a style=\"font-size: 16px;\" title=\"Tramo de Formaci\u00f3n Pedag\u00f3gica Res. 550\/07\" href=\"upload\/Tramo_de_F._Pedagogica_Res_55007.pdf\" target=\"_blank\" rel=\"noopener\">(Resoluci\u00f3n 550\/07)<\/a><\/h2>\n<p><strong>Destinado a:<\/strong><\/p>\n<p>El\u00a0 Tramo de Formaci\u00f3n Pedag\u00f3gica para el Nivel Superior est\u00e1 dirigido a profesionales y<br \/>\nt\u00e9cnicos que posean t\u00edtulo de Nivel Superior universitario y no universitario.<\/p>\n<p><strong>Condiciones de Ingreso:<\/strong><\/p>\n<p>Para la 1\u00ba cohorte, podr\u00e1n inscribirse profesionales y t\u00e9cnicos superiores que:<br \/>\n\u2022 posean t\u00edtulo de Nivel Superior universitario o no universitario y<br \/>\n\u2022 acrediten desempe\u00f1o en la docencia en el Nivel Superior en los \u00faltimos cinco a\u00f1os<br \/>\n(con\u00a0 o\u00a0 sin\u00a0 continuidad).\u00a0 Dicho\u00a0 desempe\u00f1o\u00a0 debe\u00a0 certificarse\u00a0 mediante\u00a0 una<br \/>\nconstancia de los servicios prestados en la instituci\u00f3n correspondiente.<br \/>\nPara la 2\u00ba cohorte, podr\u00e1n inscribirse profesionales y t\u00e9cnicos superiores que:<br \/>\n\u2022 posean t\u00edtulo de Nivel Superior universitario o no universitario.<\/p>\n<p>&nbsp;<\/p>\n<p><strong>Duraci\u00f3n:<\/strong><\/p>\n<p>Tiene una duraci\u00f3n de 2 (dos) a\u00f1os, con una carga horaria total de 800 (ochocientas) horas reloj.<\/p>\n<p><strong>Modalidad:<\/strong><\/p>\n<p>La modalidad a distancia con car\u00e1cter\u00a0 semipresencial\u00a0 supone la alternancia de cursado<br \/>\npresencial y no presencial.<\/p>\n<p>La cursada presencial ser\u00e1 s\u00e1bado por medio en el horario de 8,00 a 16,00 horas.<\/p>\n","protected":false},"excerpt":{"rendered":"<p>Tramo de Formaci\u00f3n Pedag\u00f3gica para Profesionales, T\u00e9cnicos Superiores para el nivel Superior (Resoluci\u00f3n 550\/07) Destinado a: El\u00a0 Tramo de Formaci\u00f3n Pedag\u00f3gica para el Nivel Superior est\u00e1 dirigido a profesionales y t\u00e9cnicos que posean t\u00edtulo de Nivel Superior universitario y no universitario. Condiciones de Ingreso: Para la 1\u00ba cohorte, podr\u00e1n inscribirse profesionales y t\u00e9cnicos superiores que: &#8230; <a title=\"Tramo de Formaci\u00f3n Pedag\u00f3gica para el Nivel Superior\" class=\"read-more\" href=\"https:\/\/isfd60-bue.infd.edu.ar\/sitio\/tramo-de-formacion-pedagogica-para-el-nivel-superior\/\" aria-label=\"More on Tramo de Formaci\u00f3n Pedag\u00f3gica para el Nivel Superior\">[+]<\/a><\/p>\n","protected":false},"author":89,"featured_media":0,"parent":0,"menu_order":0,"comment_status":"closed","ping_status":"closed","template":"","meta":[],"acf":[],"_links":{"self":[{"href":"https:\/\/isfd60-bue.infd.edu.ar\/sitio\/wp-json\/wp\/v2\/pages\/899"}],"collection":[{"href":"https:\/\/isfd60-bue.infd.edu.ar\/sitio\/wp-json\/wp\/v2\/pages"}],"about":[{"href":"https:\/\/isfd60-bue.infd.edu.ar\/sitio\/wp-json\/wp\/v2\/types\/page"}],"author":[{"embeddable":true,"href":"https:\/\/isfd60-bue.infd.edu.ar\/sitio\/wp-json\/wp\/v2\/users\/89"}],"replies":[{"embeddable":true,"href":"https:\/\/isfd60-bue.infd.edu.ar\/sitio\/wp-json\/wp\/v2\/comments?post=899"}],"version-history":[{"count":2,"href":"https:\/\/isfd60-bue.infd.edu.ar\/sitio\/wp-json\/wp\/v2\/pages\/899\/revisions"}],"predecessor-version":[{"id":1029,"href":"https:\/\/isfd60-bue.infd.edu.ar\/sitio\/wp-json\/wp\/v2\/pages\/899\/revisions\/1029"}],"wp:attachment":[{"href":"https:\/\/isfd60-bue.infd.edu.ar\/sitio\/wp-json\/wp\/v2\/media?parent=899"}],"curies":[{"name":"wp","href":"https:\/\/api.w.org\/{rel}","templated":true}]}}