{"id":901,"date":"2021-11-09T20:21:14","date_gmt":"2021-11-09T23:21:14","guid":{"rendered":"https:\/\/isfd60-bue.infd.edu.ar\/sitio\/informacion-para-ingresantes\/"},"modified":"2023-12-14T19:37:05","modified_gmt":"2023-12-14T22:37:05","slug":"informacion-para-ingresantes","status":"publish","type":"page","link":"https:\/\/isfd60-bue.infd.edu.ar\/sitio\/informacion-para-ingresantes\/","title":{"rendered":"Inscripci\u00f3n"},"content":{"rendered":"<p><strong>Para formalizar la Inscripci\u00f3n<\/strong> , en el mes de diciembre\/ febrero (momento en el que se realiza la Inscripci\u00f3n al Curso Inicial) solicitamos la siguiente documentaci\u00f3n:<\/p>\n<ul>\n<li>Fotocopia del Certificado anal\u00edtico de estudios, con N\u00famero de Registro en la Provincia de Buenos Aires. . Para registrarlo, ten\u00e9s que concurrir al Consejo Escolar de tu distrito, con el original y una copia del DNI. El tr\u00e1mite \u00abes gratuito\u00bb.<\/li>\n<li>si el certificado a\u00fan est\u00e1 en tr\u00e1mite:<\/li>\n<li>Constancia de certificado anal\u00edtico en tr\u00e1mite. Esta constancia tiene una vigencia de 30 d\u00edas, por lo cual, deber\u00e1s renovarla hasta tanto puedas entregar el certificado correspondiente.<\/li>\n<li>Fotocopia de las dos primeras p\u00e1ginas del DNI.<\/li>\n<li>Fotocopia de Acta de Nacimiento.<\/li>\n<li>Certificado de aptitud psico-f\u00edsica, firmado por un profesional m\u00e9dico de entidad p\u00fablica (no es planilla). Todas las carreras excepto Enfermer\u00eda.<\/li>\n<li>Dos fotos de tipo carnet 4 x 4.<\/li>\n<li>Planilla de Inscripci\u00f3n completa. <a href=\"https:\/\/isfd60-bue.infd.edu.ar\/sitio\/wp-content\/uploads\/2023\/12\/Formacion-Docente-inicial-Tecnica-y-Artistica-Planilla-de-inscripcion-Educacion-Superior_1.pdf\" target=\"_blank\" rel=\"noopener\">Planilla Inscripci\u00f3n (PARA GUARDAR E IMPRIMIR)<\/a><\/li>\n<li>Folio tama\u00f1o oficio para confeccionar tu legajo.<\/li>\n<li>S\u00f3lo ingresantes a Enfermer\u00eda: descargar esta planilla. <a href=\"https:\/\/isfd60-bue.infd.edu.ar\/sitio\/wp-content\/uploads\/2021\/11\/ficha-medica-salud-ingresante-de-enfermeria.doc\" target=\"_blank\" rel=\"noopener\">ficha medica salud ingresante de enfermeria<\/a><\/li>\n<\/ul>\n<p><strong>Para mayor informaci\u00f3n acercate al Instituto de lunes a viernes de 18 a 22:15 hs.<\/strong><\/p>\n","protected":false},"excerpt":{"rendered":"<p>Para formalizar la Inscripci\u00f3n , en el mes de diciembre\/ febrero (momento en el que se realiza la Inscripci\u00f3n al Curso Inicial) solicitamos la siguiente documentaci\u00f3n: Fotocopia del Certificado anal\u00edtico de estudios, con N\u00famero de Registro en la Provincia de Buenos Aires. . Para registrarlo, ten\u00e9s que concurrir al Consejo Escolar de tu distrito, con &#8230; <a title=\"Inscripci\u00f3n\" class=\"read-more\" href=\"https:\/\/isfd60-bue.infd.edu.ar\/sitio\/informacion-para-ingresantes\/\" aria-label=\"More on Inscripci\u00f3n\">[+]<\/a><\/p>\n","protected":false},"author":89,"featured_media":0,"parent":0,"menu_order":0,"comment_status":"closed","ping_status":"closed","template":"","meta":[],"acf":[],"_links":{"self":[{"href":"https:\/\/isfd60-bue.infd.edu.ar\/sitio\/wp-json\/wp\/v2\/pages\/901"}],"collection":[{"href":"https:\/\/isfd60-bue.infd.edu.ar\/sitio\/wp-json\/wp\/v2\/pages"}],"about":[{"href":"https:\/\/isfd60-bue.infd.edu.ar\/sitio\/wp-json\/wp\/v2\/types\/page"}],"author":[{"embeddable":true,"href":"https:\/\/isfd60-bue.infd.edu.ar\/sitio\/wp-json\/wp\/v2\/users\/89"}],"replies":[{"embeddable":true,"href":"https:\/\/isfd60-bue.infd.edu.ar\/sitio\/wp-json\/wp\/v2\/comments?post=901"}],"version-history":[{"count":15,"href":"https:\/\/isfd60-bue.infd.edu.ar\/sitio\/wp-json\/wp\/v2\/pages\/901\/revisions"}],"predecessor-version":[{"id":1900,"href":"https:\/\/isfd60-bue.infd.edu.ar\/sitio\/wp-json\/wp\/v2\/pages\/901\/revisions\/1900"}],"wp:attachment":[{"href":"https:\/\/isfd60-bue.infd.edu.ar\/sitio\/wp-json\/wp\/v2\/media?parent=901"}],"curies":[{"name":"wp","href":"https:\/\/api.w.org\/{rel}","templated":true}]}}