{"id":919,"date":"2018-08-29T15:26:18","date_gmt":"2018-08-29T18:26:18","guid":{"rendered":"https:\/\/isfd60-bue.infd.edu.ar\/sitio\/tecnicatura-superior-en-enfermeria\/"},"modified":"2023-04-12T19:47:38","modified_gmt":"2023-04-12T22:47:38","slug":"tecnicatura-superior-en-enfermeria","status":"publish","type":"page","link":"https:\/\/isfd60-bue.infd.edu.ar\/sitio\/tecnicatura-superior-en-enfermeria\/","title":{"rendered":"Tecnicatura Superior en Enfermer\u00eda"},"content":{"rendered":"<p><img decoding=\"async\" loading=\"lazy\" class=\"size-medium wp-image-1139 aligncenter\" src=\"https:\/\/isfd60-bue.infd.edu.ar\/sitio\/wp-content\/uploads\/2020\/11\/BannersEnfermeria-1000x489.jpg\" alt=\"\" width=\"1000\" height=\"489\" srcset=\"https:\/\/isfd60-bue.infd.edu.ar\/sitio\/wp-content\/uploads\/2020\/11\/BannersEnfermeria-1000x489.jpg 1000w, https:\/\/isfd60-bue.infd.edu.ar\/sitio\/wp-content\/uploads\/2020\/11\/BannersEnfermeria-768x376.jpg 768w, https:\/\/isfd60-bue.infd.edu.ar\/sitio\/wp-content\/uploads\/2020\/11\/BannersEnfermeria.jpg 1032w\" sizes=\"(max-width: 1000px) 100vw, 1000px\" \/><\/p>\n<p><span style=\"color: #000080;\"><strong>T\u00edtulo<\/strong> <span class=\"titulo_tecni\">Enfermero\/a<\/span><\/span><\/p>\n<p><span style=\"color: #000080;\">El Enfermero es un profesional de las Ciencias de la Salud con formaci\u00f3n cient\u00edfica, t\u00e9cnica y human\u00edstica, responsable de brindar cuidados de enfermer\u00eda a las personas, familias y comunidad. Asume el derecho a la salud de las personas como inalienable y se integra al sistema de salud con sus competencias para garantizarlo. Despliega las actividades de cuidado utilizando las estrategias de protecci\u00f3n y promoci\u00f3n de la salud, asistencia de las enfermedades y su recuperaci\u00f3n, como integrante del equipo de salud para elevar el nivel de salud y la calidad de vida de la poblaci\u00f3n. Participa en procesos de gesti\u00f3n de los servicios de enfermer\u00eda para mejorar los cuidados y valora la educaci\u00f3n permanente en salud, respetando el protagonismo de las personas en el cuidado de su propia salud. En el desempe\u00f1o profesional asume una actitud reflexiva, cr\u00edtica, \u00e9tica y de responsabilidad legal, con participaci\u00f3n, compromiso profesional y fortalecimiento del colectivo de enfermer\u00eda, como as\u00ed mismo, una permanente actitud investigativa que propicie el desarrollo de la disciplina y la promoci\u00f3n de cambios, participando en los procesos de gesti\u00f3n a fin de mejorar la calidad de los cuidados de la salud.<\/span><\/p>\n<p><span style=\"color: #000080;\"><strong>Duraci\u00f3n de la Carrera<\/strong> <span class=\"titulo_tecni\">: 3 a\u00f1os<\/span><\/span><\/p>\n<p><img decoding=\"async\" loading=\"lazy\" class=\"size-full wp-image-1147 aligncenter\" src=\"https:\/\/isfd60-bue.infd.edu.ar\/sitio\/wp-content\/uploads\/2020\/11\/ENFER1.png\" alt=\"\" width=\"438\" height=\"115\" \/><\/p>\n<p>Resoluci\u00f3n N\u00ba 4259<\/p>\n<p><a href=\"https:\/\/isfd60-bue.infd.edu.ar\/sitio\/wp-content\/uploads\/2023\/04\/Resolucion-854-16-Enfermeria.pdf\">Dise\u00f1o Curricular<\/a><\/p>\n<p><a title=\"Dise\u00f1o Enfermer\u00eda\" href=\"upload\/Enfermero_Resoluci%F3n_4259-09.pdf\" target=\"_blank\" rel=\"noopener\">\u00a0<\/a><\/p>\n","protected":false},"excerpt":{"rendered":"<p>T\u00edtulo Enfermero\/a El Enfermero es un profesional de las Ciencias de la Salud con formaci\u00f3n cient\u00edfica, t\u00e9cnica y human\u00edstica, responsable de brindar cuidados de enfermer\u00eda a las personas, familias y comunidad. Asume el derecho a la salud de las personas como inalienable y se integra al sistema de salud con sus competencias para garantizarlo. Despliega &#8230; <a title=\"Tecnicatura Superior en Enfermer\u00eda\" class=\"read-more\" href=\"https:\/\/isfd60-bue.infd.edu.ar\/sitio\/tecnicatura-superior-en-enfermeria\/\" aria-label=\"More on Tecnicatura Superior en Enfermer\u00eda\">[+]<\/a><\/p>\n","protected":false},"author":89,"featured_media":0,"parent":0,"menu_order":0,"comment_status":"closed","ping_status":"closed","template":"","meta":[],"acf":[],"_links":{"self":[{"href":"https:\/\/isfd60-bue.infd.edu.ar\/sitio\/wp-json\/wp\/v2\/pages\/919"}],"collection":[{"href":"https:\/\/isfd60-bue.infd.edu.ar\/sitio\/wp-json\/wp\/v2\/pages"}],"about":[{"href":"https:\/\/isfd60-bue.infd.edu.ar\/sitio\/wp-json\/wp\/v2\/types\/page"}],"author":[{"embeddable":true,"href":"https:\/\/isfd60-bue.infd.edu.ar\/sitio\/wp-json\/wp\/v2\/users\/89"}],"replies":[{"embeddable":true,"href":"https:\/\/isfd60-bue.infd.edu.ar\/sitio\/wp-json\/wp\/v2\/comments?post=919"}],"version-history":[{"count":5,"href":"https:\/\/isfd60-bue.infd.edu.ar\/sitio\/wp-json\/wp\/v2\/pages\/919\/revisions"}],"predecessor-version":[{"id":1792,"href":"https:\/\/isfd60-bue.infd.edu.ar\/sitio\/wp-json\/wp\/v2\/pages\/919\/revisions\/1792"}],"wp:attachment":[{"href":"https:\/\/isfd60-bue.infd.edu.ar\/sitio\/wp-json\/wp\/v2\/media?parent=919"}],"curies":[{"name":"wp","href":"https:\/\/api.w.org\/{rel}","templated":true}]}}