{"id":938,"date":"2018-08-29T15:26:26","date_gmt":"2018-08-29T18:26:26","guid":{"rendered":"https:\/\/isfd60-bue.infd.edu.ar\/sitio\/acompanante-terapeutico\/"},"modified":"2022-10-05T20:16:18","modified_gmt":"2022-10-05T23:16:18","slug":"acompanante-terapeutico","status":"publish","type":"page","link":"https:\/\/isfd60-bue.infd.edu.ar\/sitio\/acompanante-terapeutico\/","title":{"rendered":"Tecnicatura Superior en Acompa\u00f1amiento Terap\u00e9utico"},"content":{"rendered":"<div class=\"mod\" style=\"text-align: center;\" data-md=\"61\">\n<p><span style=\"color: #003366;\"><strong><span style=\"text-decoration: underline;\">TECNICATURA SUERIOR EN ACOMPA\u00d1AMIENTO TERAP\u00c9UTICO<\/span><\/strong><\/span><\/p>\n<p><img decoding=\"async\" loading=\"lazy\" class=\"alignnone size-full wp-image-1152\" src=\"https:\/\/isfd60-bue.infd.edu.ar\/sitio\/wp-content\/uploads\/2020\/11\/ACOM.jpg\" alt=\"\" width=\"320\" height=\"158\" \/><\/p>\n<div class=\"mod\" style=\"text-align: center;\" data-md=\"61\">\n<div class=\"_oDd\" style=\"text-align: left;\" data-hveid=\"81\"><span class=\"_Tgc _y9e\" style=\"color: #003366;\">Un\u00a0<strong>acompa\u00f1ante terap\u00e9utico<\/strong>\u00a0es un profesional que act\u00faa como auxiliar de salud, colaborando con una persona que est\u00e1 bajo tratamiento m\u00e9dico. Estos\u00a0<strong>acompa\u00f1antes<\/strong>\u00a0pueden asistir de diferentes maneras a las personas que padecen autismo, esquizofrenia, psicosis, trastornos de desarrollo y otros inconvenientes.<\/span><\/div>\n<div style=\"text-align: left;\" data-hveid=\"81\">\n<p><span style=\"color: #003366;\"><strong>El egresado de la carrera de la Tecnicatura Superi<\/strong><\/span><span style=\"color: #003366;\"><strong>or en\u00a0Acompa\u00f1amiento Terap\u00e9utico, estar\u00e1 capacitado para:<\/strong><\/span><\/p>\n<ul>\n<li><span style=\"color: #003366;\">Acompa\u00f1ar y contener a personas con alg\u00fan tipo de patolog\u00eda ps\u00edquica, psiqui\u00e1trica, f\u00edsica o, discapacidad en su cotidianeidad.<\/span><\/li>\n<\/ul>\n<ul>\n<li><span style=\"color: #003366;\">Desarrollar un compromiso \u00e9tico y profesional con la tarea de acompa\u00f1amiento<\/span><br \/>\n<span style=\"color: #003366;\">terap\u00e9utico, en acciones de promoci\u00f3n de salud, prevenci\u00f3n de enfermedades y rehabilitaci\u00f3n.<\/span><\/li>\n<\/ul>\n<ul>\n<li><span style=\"color: #003366;\">Implementar t\u00e9cnicas de abordaje integral de la salud para la rehabilitaci\u00f3n en las \u00e1reas laborales, educativas, sociales y recreativas.<\/span><\/li>\n<\/ul>\n<ul>\n<li><span style=\"color: #003366;\">Desarrollar un conocimiento situado de las caracter\u00edsticas contextuales, sistema de salud sistema educativo y pol\u00edticas p\u00fablicas en relaci\u00f3n a la tarea de acompa\u00f1ar.<\/span><\/li>\n<\/ul>\n<ul>\n<li><span style=\"color: #003366;\">Consolidar la labor del Equipo Terap\u00e9utico trabajando interdisciplinariamente para garantizar la unidad y coherencia del tratamiento, siguiendo las mismas consignas.<\/span><\/li>\n<\/ul>\n<ul>\n<li><span style=\"color: #003366;\">Generar espacios de supervisi\u00f3n e investigaci\u00f3n en el \u00e1rea para la capacitaci\u00f3n continua y adecuada para el desarrollo de las funciones que le competen.<\/span><\/li>\n<\/ul>\n<ul>\n<li><span style=\"color: #003366;\">Promover la reinserci\u00f3n social de las personas con las que se trabaje.<\/span><\/li>\n<\/ul>\n<ul>\n<li><span style=\"color: #003366;\">Trabajar desde el enfoque de derechos humanos contemplando a la persona acompa\u00f1ada como protagonista del tratamiento.<\/span><\/li>\n<\/ul>\n<p><span style=\"color: #003366;\"><strong>Alcances<\/strong><\/span><\/p>\n<p><span style=\"color: #003366;\">El T\u00e9cnico Superior en Acompa\u00f1amiento Terap\u00e9utico, es un agente de salud con preparaci\u00f3n te\u00f3rica\/pr\u00e1ctica para integrar equipos interdisciplinarios, pudiendo participar en la elaboraci\u00f3n de estrategias de tratamiento no farmacol\u00f3gico, siendo su funci\u00f3n brindar atenci\u00f3n personalizada tanto al paciente como a su familia, con el fin de colaborar en la recuperaci\u00f3n de su salud, en su calidad de vida y en su reinserci\u00f3n social, bajo la supervisi\u00f3n de un profesional psic\u00f3logo. Su formaci\u00f3n multidisciplinaria posibilitar\u00e1 el desempe\u00f1o del Acompa\u00f1ante como parte de un dispositivo terap\u00e9utico, dentro del \u00e1rea m\u00e1s extensa de la salud mental, en la contenci\u00f3n del paciente y su familia en situaciones de crisis y emergencia cl\u00ednicas. Tambi\u00e9n el trabajo durante internaciones en instituciones p\u00fablicas o privadas y, en centros intermedios o en cuidados domiciliarios.<\/span><\/p>\n<\/div>\n<\/div>\n<div class=\"g\">\n<div data-hveid=\"83\" data-ved=\"0ahUKEwi0_YublJfYAhXFkJAKHXOACNIQFQhTKAAwAw\">\n<div><\/div>\n<div><\/div>\n<div><strong><img decoding=\"async\" loading=\"lazy\" class=\"alignnone size-full wp-image-1151\" src=\"https:\/\/isfd60-bue.infd.edu.ar\/sitio\/wp-content\/uploads\/2020\/11\/ACOM3.jpg\" alt=\"\" width=\"221\" height=\"228\" \/><\/strong><\/div>\n<div><\/div>\n<div><\/div>\n<div class=\"rc\" style=\"text-align: left;\"><span style=\"color: #0000ff;\">DURACI\u00d3N: 3 A\u00d1OS<\/span><\/div>\n<div><\/div>\n<div style=\"text-align: left;\">\u00a0 \u00a0 \u00a0 \u00a0 \u00a0 \u00a0 \u00a0 <a href=\"https:\/\/isfd60-bue.infd.edu.ar\/sitio\/wp-content\/uploads\/sitio\/1221-15-acompaniamiento-terapeutico.pdf\" target=\"_blank\" rel=\"noopener\"><img decoding=\"async\" loading=\"lazy\" class=\"alignnone  wp-image-1314\" src=\"https:\/\/isfd60-bue.infd.edu.ar\/sitio\/wp-content\/uploads\/2021\/09\/icono-p-diseno-curricular.png\" alt=\"\" width=\"114\" height=\"76\" \/><\/a>\u00a0 \u00a0 \u00a0 \u00a0 \u00a0 \u00a0 \u00a0 \u00a0 \u00a0 \u00a0 \u00a0 \u00a0 \u00a0 \u00a0 \u00a0 \u00a0 \u00a0 \u00a0 \u00a0 \u00a0 \u00a0 \u00a0 \u00a0 \u00a0 \u00a0 \u00a0 \u00a0 \u00a0 \u00a0<a href=\"https:\/\/isfd60-bue.infd.edu.ar\/sitio\/wp-content\/uploads\/2021\/09\/Correlativas_AT.pdf\" target=\"_blank\" rel=\"noopener\"><img decoding=\"async\" loading=\"lazy\" class=\"alignnone  wp-image-1314\" src=\"https:\/\/isfd60-bue.infd.edu.ar\/sitio\/wp-content\/uploads\/2021\/09\/icono-p-diseno-curricular.png\" alt=\"\" width=\"119\" height=\"79\" \/><\/a>\u00a0 \u00a0 \u00a0 \u00a0 \u00a0 \u00a0 \u00a0 \u00a0 \u00a0 \u00a0 \u00a0 \u00a0 \u00a0 \u00a0 \u00a0 \u00a0 \u00a0 \u00a0 \u00a0 \u00a0 \u00a0 \u00a0 \u00a0 \u00a0 \u00a0 \u00a0 \u00a0 \u00a0 \u00a0 \u00a0 \u00a0 <a href=\"https:\/\/isfd60-bue.infd.edu.ar\/sitio\/wp-content\/uploads\/2021\/09\/Plan-de-Estudio-acompaniamiento-terapeutico.pdf\" target=\"_blank\" rel=\"noopener\"><img decoding=\"async\" loading=\"lazy\" class=\"alignnone  wp-image-1314\" src=\"https:\/\/isfd60-bue.infd.edu.ar\/sitio\/wp-content\/uploads\/2021\/09\/icono-p-diseno-curricular.png\" alt=\"\" width=\"118\" height=\"79\" \/><\/a><\/div>\n<div class=\"rc\" style=\"text-align: left;\"><span style=\"color: #0000ff;\">\u00a0 \u00a0 \u00a0 \u00a0 DISE\u00d1O CURRICULAR\u00a0 \u00a0 \u00a0 \u00a0 \u00a0 \u00a0 \u00a0 \u00a0 \u00a0 \u00a0 \u00a0 \u00a0 \u00a0 \u00a0 \u00a0 \u00a0 \u00a0 \u00a0 \u00a0 \u00a0 \u00a0 \u00a0 \u00a0 \u00a0 \u00a0 \u00a0CORRELATIVAS\u00a0 \u00a0 \u00a0 \u00a0 \u00a0 \u00a0 \u00a0 \u00a0 \u00a0 \u00a0 \u00a0 \u00a0 \u00a0 \u00a0 \u00a0 \u00a0 \u00a0 \u00a0 \u00a0 \u00a0 \u00a0 \u00a0 \u00a0 \u00a0 \u00a0 \u00a0 \u00a0 \u00a0 \u00a0 \u00a0PLAN DE ESTUDIO<\/span><\/div>\n<\/div>\n<\/div>\n<\/div>\n","protected":false},"excerpt":{"rendered":"<p>TECNICATURA SUERIOR EN ACOMPA\u00d1AMIENTO TERAP\u00c9UTICO Un\u00a0acompa\u00f1ante terap\u00e9utico\u00a0es un profesional que act\u00faa como auxiliar de salud, colaborando con una persona que est\u00e1 bajo tratamiento m\u00e9dico. Estos\u00a0acompa\u00f1antes\u00a0pueden asistir de diferentes maneras a las personas que padecen autismo, esquizofrenia, psicosis, trastornos de desarrollo y otros inconvenientes. El egresado de la carrera de la Tecnicatura Superior en\u00a0Acompa\u00f1amiento Terap\u00e9utico, estar\u00e1 &#8230; <a title=\"Tecnicatura Superior en Acompa\u00f1amiento Terap\u00e9utico\" class=\"read-more\" href=\"https:\/\/isfd60-bue.infd.edu.ar\/sitio\/acompanante-terapeutico\/\" aria-label=\"More on Tecnicatura Superior en Acompa\u00f1amiento Terap\u00e9utico\">[+]<\/a><\/p>\n","protected":false},"author":89,"featured_media":0,"parent":0,"menu_order":0,"comment_status":"closed","ping_status":"closed","template":"","meta":[],"acf":[],"_links":{"self":[{"href":"https:\/\/isfd60-bue.infd.edu.ar\/sitio\/wp-json\/wp\/v2\/pages\/938"}],"collection":[{"href":"https:\/\/isfd60-bue.infd.edu.ar\/sitio\/wp-json\/wp\/v2\/pages"}],"about":[{"href":"https:\/\/isfd60-bue.infd.edu.ar\/sitio\/wp-json\/wp\/v2\/types\/page"}],"author":[{"embeddable":true,"href":"https:\/\/isfd60-bue.infd.edu.ar\/sitio\/wp-json\/wp\/v2\/users\/89"}],"replies":[{"embeddable":true,"href":"https:\/\/isfd60-bue.infd.edu.ar\/sitio\/wp-json\/wp\/v2\/comments?post=938"}],"version-history":[{"count":6,"href":"https:\/\/isfd60-bue.infd.edu.ar\/sitio\/wp-json\/wp\/v2\/pages\/938\/revisions"}],"predecessor-version":[{"id":1634,"href":"https:\/\/isfd60-bue.infd.edu.ar\/sitio\/wp-json\/wp\/v2\/pages\/938\/revisions\/1634"}],"wp:attachment":[{"href":"https:\/\/isfd60-bue.infd.edu.ar\/sitio\/wp-json\/wp\/v2\/media?parent=938"}],"curies":[{"name":"wp","href":"https:\/\/api.w.org\/{rel}","templated":true}]}}