{"id":978,"date":"2018-10-29T21:00:46","date_gmt":"2018-10-30T00:00:46","guid":{"rendered":"https:\/\/isfd60-bue.infd.edu.ar\/sitio\/?page_id=978"},"modified":"2018-12-13T21:09:10","modified_gmt":"2018-12-14T00:09:10","slug":"tecnicatura-superior-en-emergencias-en-salud","status":"publish","type":"page","link":"https:\/\/isfd60-bue.infd.edu.ar\/sitio\/tecnicatura-superior-en-emergencias-en-salud\/","title":{"rendered":"Tecnicatura Superior en Emergencias en Salud"},"content":{"rendered":"<p style=\"text-align: center;\"><span style=\"color: #0000ff;\"><img decoding=\"async\" loading=\"lazy\" class=\" wp-image-800 alignnone\" src=\"https:\/\/isfd60-bue.infd.edu.ar\/sitio\/wp-content\/uploads\/2018\/08\/logo-2.jpg\" alt=\"\" width=\"54\" height=\"44\" \/>TECNICATURA SUPERIOR EN EMERGENCIAS EN SALUD (resoluci\u00f3n 42\/07)<\/span><\/p>\n<p><span style=\"color: #0000ff;\">El T\u00e9cnico Superior en Emergencias de Salud estar\u00e1 preparado \u00a0para organizar sistemas de respuesta ante emergencias, prestar atenci\u00f3n de soporte vital ante riesgos de vida, contenci\u00f3n psicol\u00f3gica en el entorno prehospitalario, llevar a cabo tareas de Radiooperaci\u00f3n y\/o despacho m\u00e9dico priorizado o triage telef\u00f3nico, colaborar en la organizaci\u00f3n y desarrollo de planes de emergencia, de los dispositivos de riesgo previsibles y de log\u00edstica sanitaria ante una emergencia individual, colectiva o cat\u00e1strofe.<\/span><\/p>\n<p style=\"text-align: center;\"><img decoding=\"async\" src=\"https:\/\/encrypted-tbn0.gstatic.com\/images?q=tbn:ANd9GcTVqMtlbjZsTpmbnhu_zPzouVltYzI3som5q58j-_pWhZDqafpHkA\" alt=\"Resultado de imagen para TECNICATURA SUPERIOR EN EMERGENCIAS EN SALUD\" \/><\/p>\n<p><a href=\"https:\/\/isfd60-bue.infd.edu.ar\/sitio\/wp-content\/uploads\/2018\/12\/IF-2017-01213056-Tecnicatura-en-emergencias-de-salud.pdf\">Dise\u00f1o Curricular &#8211; Tecnicatura en emergencias de salud<\/a><\/p>\n","protected":false},"excerpt":{"rendered":"<p>TECNICATURA SUPERIOR EN EMERGENCIAS EN SALUD (resoluci\u00f3n 42\/07) El T\u00e9cnico Superior en Emergencias de Salud estar\u00e1 preparado \u00a0para organizar sistemas de respuesta ante emergencias, prestar atenci\u00f3n de soporte vital ante riesgos de vida, contenci\u00f3n psicol\u00f3gica en el entorno prehospitalario, llevar a cabo tareas de Radiooperaci\u00f3n y\/o despacho m\u00e9dico priorizado o triage telef\u00f3nico, colaborar en la &#8230; <a title=\"Tecnicatura Superior en Emergencias en Salud\" class=\"read-more\" href=\"https:\/\/isfd60-bue.infd.edu.ar\/sitio\/tecnicatura-superior-en-emergencias-en-salud\/\" aria-label=\"More on Tecnicatura Superior en Emergencias en Salud\">[+]<\/a><\/p>\n","protected":false},"author":89,"featured_media":0,"parent":0,"menu_order":0,"comment_status":"closed","ping_status":"closed","template":"","meta":[],"acf":[],"_links":{"self":[{"href":"https:\/\/isfd60-bue.infd.edu.ar\/sitio\/wp-json\/wp\/v2\/pages\/978"}],"collection":[{"href":"https:\/\/isfd60-bue.infd.edu.ar\/sitio\/wp-json\/wp\/v2\/pages"}],"about":[{"href":"https:\/\/isfd60-bue.infd.edu.ar\/sitio\/wp-json\/wp\/v2\/types\/page"}],"author":[{"embeddable":true,"href":"https:\/\/isfd60-bue.infd.edu.ar\/sitio\/wp-json\/wp\/v2\/users\/89"}],"replies":[{"embeddable":true,"href":"https:\/\/isfd60-bue.infd.edu.ar\/sitio\/wp-json\/wp\/v2\/comments?post=978"}],"version-history":[{"count":3,"href":"https:\/\/isfd60-bue.infd.edu.ar\/sitio\/wp-json\/wp\/v2\/pages\/978\/revisions"}],"predecessor-version":[{"id":993,"href":"https:\/\/isfd60-bue.infd.edu.ar\/sitio\/wp-json\/wp\/v2\/pages\/978\/revisions\/993"}],"wp:attachment":[{"href":"https:\/\/isfd60-bue.infd.edu.ar\/sitio\/wp-json\/wp\/v2\/media?parent=978"}],"curies":[{"name":"wp","href":"https:\/\/api.w.org\/{rel}","templated":true}]}}